{"id":11,"date":"2009-10-29T17:02:32","date_gmt":"2009-10-29T23:02:32","guid":{"rendered":"http:\/\/www.farmworkerlanc.org\/es\/?page_id=11"},"modified":"2015-08-12T13:45:53","modified_gmt":"2015-08-12T19:45:53","slug":"nuestros-servicios","status":"publish","type":"page","link":"http:\/\/www.farmworkerlanc.org\/es\/nuestros-servicios\/","title":{"rendered":"Nuestros servicios"},"content":{"rendered":"<p><a href=\"http:\/\/www.farmworkerlanc.org\/es\/wp-content\/uploads\/2009\/10\/Teather-Levante-300px.jpg\"><img loading=\"lazy\" decoding=\"async\" class=\"alignleft size-full wp-image-494\" alt=\"Teather-Levante-300px\" src=\"http:\/\/www.farmworkerlanc.org\/es\/wp-content\/uploads\/2009\/10\/Teather-Levante-300px.jpg\" width=\"300\" height=\"225\" srcset=\"http:\/\/www.farmworkerlanc.org\/es\/wp-content\/uploads\/2009\/10\/Teather-Levante-300px.jpg 300w, http:\/\/www.farmworkerlanc.org\/es\/wp-content\/uploads\/2009\/10\/Teather-Levante-300px-150x112.jpg 150w\" sizes=\"auto, (max-width: 300px) 100vw, 300px\" \/><\/a>La Divisi\u00f3n para los Trabajadores Agr\u00edcolas\u00a0 es un proyecto estatal de\u00a0 la organizaci\u00f3n <a href=\"http:\/\/www.legalaidnc.org\/\" target=\"_blank\">Ayuda Legal de Carolina del Norte<\/a>. Este proyecto est\u00e1 comprometido a proveer servicios legales de alta calidad para atender las necesidades legales civiles de los trabajadores agr\u00edcolas migrantes y temporales en Carolina del Norte.<\/p>\n<p>Representamos a los trabajadores y a sus familias, orient\u00e1ndolos acerca de sus derechos legales y ayudando a nuestros clientes a obtener lo que les pertenece de acuerdo a la ley. Representamos a los trabajadores que han sido afectados por asuntos como violaciones del pago del <a href=\"http:\/\/www.farmworkerlanc.org\/es\/conozca-sus-derechos\/salario\" target=\"_blank\">salario <\/a>m\u00ednimo federal o de asuntos relacionados con las <a href=\"http:\/\/www.farmworkerlanc.org\/es\/conozca-sus-derechos\/sanidad-en-el-campo\" target=\"_blank\">facilidades sanitarias<\/a> en los campos.<\/p>\n<p>Adem\u00e1s de representar a los trabajadores agr\u00edcolas individualmente, tambi\u00e9n:<\/p>\n<ul>\n<li>Tenemos un programa de alcance comunitario, en el que realizamos <a href=\"http:\/\/www.farmworkerlanc.org\/es\/sea-voluntario\/testigos-por-la-justicia\" target=\"_blank\">visitas a los campos<\/a><\/li>\n<\/ul>\n<ul>\n<li>Tenemos un programa de <a href=\"http:\/\/www.farmworkerlanc.org\/es\/nuestros-servicios\/educacion-comunitaria\" target=\"_blank\">educaci\u00f3n comunitaria<\/a> en el que informamos a los trabajadores agr\u00edcolas acerca de sus derechos legales<\/li>\n<\/ul>\n<ul>\n<li>Ofrecemos presentaciones gratuitas al p\u00fablico en general acerca de los trabajadores agr\u00edcolas y las leyes que les afectan. Estas presentaciones pueden ser para grupos grandes o peque\u00f1os<\/li>\n<\/ul>\n<ul>\n<li>Proveemos informaci\u00f3n a los medios de comunicaci\u00f3n en ingl\u00e9s y espa\u00f1ol para educar al p\u00fablico acerca de los temas de la actualidad que afectan a los trabajadores agr\u00edcolas<\/li>\n<\/ul>\n<ul>\n<li>Invitamos a las personas interesadas a que nos acompa\u00f1en a hacer visitas a los campos para que puedan aprender m\u00e1s acerca de los trabajadores agr\u00edcolas y al mismo tiempo formen una conexi\u00f3n con ellos<\/li>\n<\/ul>\n<ul>\n<li>Trabajamos con las agencias gubernamentales para mejorar las leyes y la aplicaci\u00f3n de las leyes que protegen a los trabajadores agr\u00edcolas<\/li>\n<\/ul>\n","protected":false},"excerpt":{"rendered":"<p>La Divisi\u00f3n para los Trabajadores Agr\u00edcolas\u00a0 es un proyecto estatal de\u00a0 la organizaci\u00f3n Ayuda Legal de Carolina del Norte. Este proyecto est\u00e1 comprometido a proveer servicios legales de alta calidad para atender las necesidades legales civiles de los trabajadores agr\u00edcolas migrantes y temporales en Carolina del Norte. Representamos a los trabajadores y a sus familias, [&hellip;]<\/p>\n","protected":false},"author":1,"featured_media":0,"parent":0,"menu_order":3,"comment_status":"closed","ping_status":"open","template":"","meta":{"om_disable_all_campaigns":false,"_monsterinsights_skip_tracking":false,"_monsterinsights_sitenote_active":false,"_monsterinsights_sitenote_note":"","_monsterinsights_sitenote_category":0,"_uf_show_specific_survey":0,"_uf_disable_surveys":false,"jetpack_post_was_ever_published":false,"footnotes":""},"class_list":["post-11","page","type-page","status-publish","hentry"],"aioseo_notices":[],"jetpack_sharing_enabled":true,"jetpack_shortlink":"https:\/\/wp.me\/P6RHEE-b","_links":{"self":[{"href":"http:\/\/www.farmworkerlanc.org\/es\/wp-json\/wp\/v2\/pages\/11","targetHints":{"allow":["GET"]}}],"collection":[{"href":"http:\/\/www.farmworkerlanc.org\/es\/wp-json\/wp\/v2\/pages"}],"about":[{"href":"http:\/\/www.farmworkerlanc.org\/es\/wp-json\/wp\/v2\/types\/page"}],"author":[{"embeddable":true,"href":"http:\/\/www.farmworkerlanc.org\/es\/wp-json\/wp\/v2\/users\/1"}],"replies":[{"embeddable":true,"href":"http:\/\/www.farmworkerlanc.org\/es\/wp-json\/wp\/v2\/comments?post=11"}],"version-history":[{"count":10,"href":"http:\/\/www.farmworkerlanc.org\/es\/wp-json\/wp\/v2\/pages\/11\/revisions"}],"predecessor-version":[{"id":161,"href":"http:\/\/www.farmworkerlanc.org\/es\/wp-json\/wp\/v2\/pages\/11\/revisions\/161"}],"wp:attachment":[{"href":"http:\/\/www.farmworkerlanc.org\/es\/wp-json\/wp\/v2\/media?parent=11"}],"curies":[{"name":"wp","href":"https:\/\/api.w.org\/{rel}","templated":true}]}}