{"id":1114,"date":"2018-03-22T13:40:28","date_gmt":"2018-03-22T19:40:28","guid":{"rendered":"http:\/\/www.farmworkerlanc.org\/es\/?page_id=1114"},"modified":"2021-07-19T13:06:13","modified_gmt":"2021-07-19T19:06:13","slug":"testigos-por-la-justicia-un-programa-para-voluntarios","status":"publish","type":"page","link":"http:\/\/www.farmworkerlanc.org\/es\/como-involucrarse\/testigos-por-la-justicia-un-programa-para-voluntarios\/","title":{"rendered":"Testigos por la Justicia: Un programa para voluntarios"},"content":{"rendered":"<p><a href=\"http:\/\/www.farmworkerlanc.org\/es\/wp-content\/uploads\/2018\/03\/MM-and-JS.jpg\"><img loading=\"lazy\" decoding=\"async\" class=\"size-medium wp-image-1115 alignleft\" src=\"http:\/\/www.farmworkerlanc.org\/es\/wp-content\/uploads\/2018\/03\/MM-and-JS-300x225.jpg\" alt=\"\" width=\"300\" height=\"225\" srcset=\"http:\/\/www.farmworkerlanc.org\/es\/wp-content\/uploads\/2018\/03\/MM-and-JS-300x225.jpg 300w, http:\/\/www.farmworkerlanc.org\/es\/wp-content\/uploads\/2018\/03\/MM-and-JS-768x576.jpg 768w, http:\/\/www.farmworkerlanc.org\/es\/wp-content\/uploads\/2018\/03\/MM-and-JS-1024x768.jpg 1024w, http:\/\/www.farmworkerlanc.org\/es\/wp-content\/uploads\/2018\/03\/MM-and-JS-150x113.jpg 150w, http:\/\/www.farmworkerlanc.org\/es\/wp-content\/uploads\/2018\/03\/MM-and-JS-400x300.jpg 400w, http:\/\/www.farmworkerlanc.org\/es\/wp-content\/uploads\/2018\/03\/MM-and-JS.jpg 1280w\" sizes=\"auto, (max-width: 300px) 100vw, 300px\" \/><\/a>La Divisi\u00f3n para los Trabajadores Agr\u00edcolas es un proyecto estatal de Ayuda Legal de Carolina del Norte comprometido a proveer servicios legales civiles de alta calidad para abordar las necesidades legales espec\u00edficas de los trabajadores agr\u00edcolas migrantes y de temporada en Carolina del Norte.<\/p>\n<p>Actualmente estamos buscando voluntarios que se quieran incorporar al programa Testigos por la Justicia, en el que acompa\u00f1ar\u00e1n a nuestro equipo durante las visitas de alcance comunitario que hacemos a las viviendas de los trabajadores agr\u00edcolas migrantes.<\/p>\n<p>Durante las visitas, los voluntarios observan y participan en nuestro programa de educaci\u00f3n comunitaria acerca de los derechos legales de los trabajadores agr\u00edcolas migrantes, y tienen un papel vital en reivindicar los derechos de los trabajadores a recibir visitantes en su vivienda. Los voluntarios tendr\u00e1n la oportunidad de conectarse con los trabajadores de manera individual, reduciendo los niveles de aislamiento que los migrantes sienten. Los voluntarios no van a proveer consejo legal.<\/p>\n<p>Pedimos que los voluntarios se comprometan a hacer estas visitas con nuestro personal por lo menos dos veces al mes, durante dos meses de la temporada de la agricultura. Las visitas ocurren de Lunes a Jueves, de 5:00 pm hasta aproximadamente las 10:00 pm, del mes de mayo hasta la primera semana de Noviembre.<\/p>\n<p>Todos los voluntarios deben saber hablar ingl\u00e9s y espa\u00f1ol.<\/p>\n<p>&nbsp;<\/p>\n<p><em>Lea las preguntas m\u00e1s frecuentes acerca del programa haciendo <a href=\"http:\/\/www.farmworkerlanc.org\/es\/nuestros-servicios\/educacion-comunitaria\/testigos-por-la-justicia-un-programa-para-voluntarios\/preguntas-frecuentes-acerca-del-programa-testigos-por-la-justicia\/\">click aqu\u00ed. <\/a><\/em><\/p>\n<p><em>Lea los testimonios de algunos de nuestros voluntarios haciendo <a href=\"http:\/\/www.farmworkerlanc.org\/es\/nuestros-servicios\/educacion-comunitaria\/testigos-por-la-justicia-un-programa-para-voluntarios\/testimonios-de-los-voluntarios-del-programa-de-testigos-por-la-justicia\/\">click aqu\u00ed. <\/a><\/em><\/p>\n<p><em>Si tiene alguna pregunta acerca del programa contacte a <a href=\"mailto: KatieB2@legalaidnc.org\">Katie Becker<\/a>.<\/em><\/p>\n<p><strong>\u00a0<\/strong><\/p>\n<p><strong>Experiencia y habilidades del candidato ideal:<\/strong><\/p>\n<ol>\n<li>La persona ha demostrado inter\u00e9s en los temas relacionados con los trabajadores agr\u00edcolas y est\u00e1 comprometido con la justicia para esta comunidad.<\/li>\n<li>La persona habla espa\u00f1ol, Criollo Haitiano, o un lenguaje ind\u00edgena de M\u00e9xico o Centro Am\u00e9rica.<\/li>\n<li>La persona se siente c\u00f3moda interactuando con personas de diferentes niveles de educaci\u00f3n, nacionalidades, etnias, y sexo.<\/li>\n<li>La persona tiene buena comunicaci\u00f3n y sabe escuchar con atenci\u00f3n.<\/li>\n<li>La persona se siente c\u00f3moda en lugares rurales.<\/li>\n<li>La persona tiene la habilidad y la flexibilidad para hacer las visitas con nuestro personal. Se compromete a visitar a los trabajadores por lo menos 2 veces al mes, en por lo menos dos meses de la temporada de la agricultura (de Mayo a Noviembre).<\/li>\n<li>La persona tiene por lo menos 18 a\u00f1os de edad.<\/li>\n<li>La persona se compromete a cumplir con el protocolo de la Divisi\u00f3n para los Trabajadores Agr\u00edcolas de Ayuda Legal de Carolina del Norte.<\/li>\n<\/ol>\n<p><strong>Para integrarse al programa:<\/strong><\/p>\n<ol>\n<li>Llene <a href=\"https:\/\/www.surveymonkey.com\/r\/76S76TP\">esta solicitud<\/a> y env\u00ede por correo electr\u00f3nico una copia de su licencia de conducir o identificaci\u00f3n estatal a <a href=\"mailto:CassidyJ@legalaidnc.org\">JohanaB@legalaidnc.org<\/a>.<\/li>\n<li>Si lo seleccionamos para la siguiente etapa, lo contactaremos para programar una corta entrevista telef\u00f3nica y un examen de lenguaje.<\/li>\n<li>Los candidatos seleccionados para el programa deber\u00e1n asistir a una sesi\u00f3n de orientaci\u00f3n obligatorio en nuestras oficinas.<\/li>\n<\/ol>\n","protected":false},"excerpt":{"rendered":"<p>La Divisi\u00f3n para los Trabajadores Agr\u00edcolas es un proyecto estatal de Ayuda Legal de Carolina del Norte comprometido a proveer servicios legales civiles de alta calidad para abordar las necesidades legales espec\u00edficas de los trabajadores agr\u00edcolas migrantes y de temporada en Carolina del Norte. Actualmente estamos buscando voluntarios que se quieran incorporar al programa Testigos [&hellip;]<\/p>\n","protected":false},"author":12,"featured_media":1115,"parent":1236,"menu_order":1,"comment_status":"closed","ping_status":"closed","template":"","meta":{"om_disable_all_campaigns":false,"_monsterinsights_skip_tracking":false,"_monsterinsights_sitenote_active":false,"_monsterinsights_sitenote_note":"","_monsterinsights_sitenote_category":0,"_uf_show_specific_survey":0,"_uf_disable_surveys":false,"jetpack_post_was_ever_published":false,"footnotes":""},"class_list":["post-1114","page","type-page","status-publish","has-post-thumbnail","hentry"],"aioseo_notices":[],"jetpack_sharing_enabled":true,"jetpack_shortlink":"https:\/\/wp.me\/P6RHEE-hY","_links":{"self":[{"href":"http:\/\/www.farmworkerlanc.org\/es\/wp-json\/wp\/v2\/pages\/1114","targetHints":{"allow":["GET"]}}],"collection":[{"href":"http:\/\/www.farmworkerlanc.org\/es\/wp-json\/wp\/v2\/pages"}],"about":[{"href":"http:\/\/www.farmworkerlanc.org\/es\/wp-json\/wp\/v2\/types\/page"}],"author":[{"embeddable":true,"href":"http:\/\/www.farmworkerlanc.org\/es\/wp-json\/wp\/v2\/users\/12"}],"replies":[{"embeddable":true,"href":"http:\/\/www.farmworkerlanc.org\/es\/wp-json\/wp\/v2\/comments?post=1114"}],"version-history":[{"count":11,"href":"http:\/\/www.farmworkerlanc.org\/es\/wp-json\/wp\/v2\/pages\/1114\/revisions"}],"predecessor-version":[{"id":1523,"href":"http:\/\/www.farmworkerlanc.org\/es\/wp-json\/wp\/v2\/pages\/1114\/revisions\/1523"}],"up":[{"embeddable":true,"href":"http:\/\/www.farmworkerlanc.org\/es\/wp-json\/wp\/v2\/pages\/1236"}],"wp:featuredmedia":[{"embeddable":true,"href":"http:\/\/www.farmworkerlanc.org\/es\/wp-json\/wp\/v2\/media\/1115"}],"wp:attachment":[{"href":"http:\/\/www.farmworkerlanc.org\/es\/wp-json\/wp\/v2\/media?parent=1114"}],"curies":[{"name":"wp","href":"https:\/\/api.w.org\/{rel}","templated":true}]}}