{"id":1194,"date":"2019-02-07T12:43:46","date_gmt":"2019-02-07T18:43:46","guid":{"rendered":"http:\/\/www.farmworkerlanc.org\/es\/?page_id=1194"},"modified":"2019-07-01T09:06:29","modified_gmt":"2019-07-01T15:06:29","slug":"nuestra-historia","status":"publish","type":"page","link":"http:\/\/www.farmworkerlanc.org\/es\/sobre-nosotros\/nuestra-historia\/","title":{"rendered":"Nuestra historia"},"content":{"rendered":"<p>El Congreso de los EE. UU. inici\u00f3 la Corporaci\u00f3n de Servicios Legales en 1974. Los Servicios Legales de Carolina del Norte crearon un proyecto de trabajadores agr\u00edcolas despu\u00e9s de un par de a\u00f1o, despu\u00e9s de un estudio del Comit\u00e9 Asesor de Carolina del Norte ante la Comisi\u00f3n de Derechos Civiles de los EE. UU., donde se destacaron los abusos a los que se enfrentaban los campesinos en Carolina del Norte y la necesidad de servicios legales para dirigir estos abusos. [1] Esto llev\u00f3 a nuestra oficina predecesora, los Servicios Legales para Trabajadores Agr\u00edcolas de Carolina del Norte (FLSNC), cuya defensa a menudo se centraba en la servidumbre de la deuda y los casos de peonaje. Otros casos se refer\u00edan a las condiciones de las viviendas que no cumpl\u00edan con los est\u00e1ndares m\u00ednimos, las reclamaciones de compensaci\u00f3n de trabajadores lastimados y los problemas de salarios. Se desarroll\u00f3 un programa de educaci\u00f3n comunitaria en el que el personal de FLSNC visita a los trabajadores agr\u00edcolas en sus viviendas y educa a los trabajadores agr\u00edcolas sobre sus derechos. FLSNC present\u00f3 varios casos ante un tribunal federal luego de la aprobaci\u00f3n de la Ley de protecci\u00f3n de trabajadores agr\u00edcolas de temporada y migrantes, 29 U.S.C. \u00a7\u00a71801 et seq., un estatuto federal para proteger a los trabajadores agr\u00edcolas.<\/p>\n<p>FLSNC represent\u00f3 a los trabajadores agr\u00edcolas en casos de discriminaci\u00f3n, incluso en representaci\u00f3n de los trabajadores estadounidenses que se cre\u00edan discriminados por los empleadores que prefer\u00edan a los extranjeros que trabajaban con visas temporales a trav\u00e9s del programa federal H2A.<\/p>\n<p>La educaci\u00f3n comunitaria continu\u00f3 en nombre de los trabajadores agr\u00edcolas, tanto para los trabajadores de los EE. UU. como para el n\u00famero creciente de trabajadores H2A, ya que la Unidad de Trabajadores Agr\u00edcolas (FWU, por sus siglas en ingl\u00e9s) se cre\u00f3 en 1999 dentro de lo que hoy es Ayuda Legal de Carolina del Norte. FWU litig\u00f3 en nombre de los trabajadores que cre\u00edan que hab\u00edan tomado represalias o puesto en la lista negra, en nombre de los trabajadores lesionados, y por numerosas reclamaciones relacionadas con el robo de salarios, las tarifas de reclutamiento ilegales y las malas condiciones de trabajo.<\/p>\n<p>FWU contin\u00faa adapt\u00e1ndose para brindar excelentes servicios a los trabajadores agr\u00edcolas a medida que surgen nuevos obst\u00e1culos y desaf\u00edos. En los \u00faltimos a\u00f1os, hemos desarrollado una iniciativa contra la trata de personas que ayuda a los sobrevivientes de trabajos forzados a obtener remedios significativos.<\/p>\n<p><a href=\"http:\/\/www.farmworkerlanc.org\/about-us\/our-history\/#_ftnref1\" name=\"_ftn1\">[1]<\/a> <em>Where Mules Outrate Men<\/em> (1979), <a href=\"https:\/\/www2.law.umaryland.edu\/marshall\/usccr\/documents\/cr12m89.pdf\">https:\/\/www2.law.umaryland.edu\/marshall\/usccr\/documents\/cr12m89.pdf<\/a><\/p>\n<p>&nbsp;<\/p>\n<p>&nbsp;<\/p>\n","protected":false},"excerpt":{"rendered":"<p>El Congreso de los EE. UU. inici\u00f3 la Corporaci\u00f3n de Servicios Legales en 1974. Los Servicios Legales de Carolina del Norte crearon un proyecto de trabajadores agr\u00edcolas despu\u00e9s de un par de a\u00f1o, despu\u00e9s de un estudio del Comit\u00e9 Asesor de Carolina del Norte ante la Comisi\u00f3n de Derechos Civiles de los EE. UU., donde [&hellip;]<\/p>\n","protected":false},"author":12,"featured_media":0,"parent":1192,"menu_order":1,"comment_status":"closed","ping_status":"closed","template":"","meta":{"om_disable_all_campaigns":false,"_monsterinsights_skip_tracking":false,"_monsterinsights_sitenote_active":false,"_monsterinsights_sitenote_note":"","_monsterinsights_sitenote_category":0,"_uf_show_specific_survey":0,"_uf_disable_surveys":false,"jetpack_post_was_ever_published":false,"footnotes":""},"class_list":["post-1194","page","type-page","status-publish","hentry"],"aioseo_notices":[],"jetpack_sharing_enabled":true,"jetpack_shortlink":"https:\/\/wp.me\/P6RHEE-jg","_links":{"self":[{"href":"http:\/\/www.farmworkerlanc.org\/es\/wp-json\/wp\/v2\/pages\/1194","targetHints":{"allow":["GET"]}}],"collection":[{"href":"http:\/\/www.farmworkerlanc.org\/es\/wp-json\/wp\/v2\/pages"}],"about":[{"href":"http:\/\/www.farmworkerlanc.org\/es\/wp-json\/wp\/v2\/types\/page"}],"author":[{"embeddable":true,"href":"http:\/\/www.farmworkerlanc.org\/es\/wp-json\/wp\/v2\/users\/12"}],"replies":[{"embeddable":true,"href":"http:\/\/www.farmworkerlanc.org\/es\/wp-json\/wp\/v2\/comments?post=1194"}],"version-history":[{"count":3,"href":"http:\/\/www.farmworkerlanc.org\/es\/wp-json\/wp\/v2\/pages\/1194\/revisions"}],"predecessor-version":[{"id":1365,"href":"http:\/\/www.farmworkerlanc.org\/es\/wp-json\/wp\/v2\/pages\/1194\/revisions\/1365"}],"up":[{"embeddable":true,"href":"http:\/\/www.farmworkerlanc.org\/es\/wp-json\/wp\/v2\/pages\/1192"}],"wp:attachment":[{"href":"http:\/\/www.farmworkerlanc.org\/es\/wp-json\/wp\/v2\/media?parent=1194"}],"curies":[{"name":"wp","href":"https:\/\/api.w.org\/{rel}","templated":true}]}}