{"id":1201,"date":"2019-02-07T13:10:40","date_gmt":"2019-02-07T19:10:40","guid":{"rendered":"http:\/\/www.farmworkerlanc.org\/es\/?page_id=1201"},"modified":"2019-02-07T13:13:58","modified_gmt":"2019-02-07T19:13:58","slug":"testimonios","status":"publish","type":"page","link":"http:\/\/www.farmworkerlanc.org\/es\/nuestros-servicios\/testimonios\/","title":{"rendered":"Testimonios"},"content":{"rendered":"<p><em><span class=\"tlid-translation translation\">Nuestros clientes son nuestra prioridad y nos siguen inspirando para hacer nuestro trabajo. Debido a la intimidaci\u00f3n que los trabajadores agr\u00edcolas enfrentan diariamente en el lugar de trabajo, muchos de ellos temen exigir sus derechos o hablar p\u00fablicamente sobre sus experiencias al hacerlo. Para honrar su valor y determinaci\u00f3n, respetaremos su deseo de permanecer en el anonimato y su testimonio si solicitan privacidad.<\/span><\/em><\/p>\n<hr \/>\n<p><span class=\"tlid-translation translation\">S<\/span><img loading=\"lazy\" decoding=\"async\" class=\"alignleft size-full wp-image-1768\" src=\"http:\/\/www.farmworkerlanc.org\/wp-content\/uploads\/2015\/10\/watermelon2.png\" alt=\"watermelon2\" width=\"284\" height=\"298\" \/><span class=\"tlid-translation translation\">oy un trabajador migrante, me encanta el trabajo de campo y la asistencia legal realmente me ayud\u00f3 cuando las cosas estaban mal. En 2011 vino el hurac\u00e1n Irene, y fue un desastre. Las sand\u00eda<\/span><span class=\"tlid-translation translation\">s se arruinaron y no pudimos terminar nuestro trabajo. Fuimos a la oficina de desempleo, pero no pudimos obtener el desempleo. La ayuda legal fue buena para m\u00ed. Descubrieron que nuestro jefe dijo que no \u00e9ramos empleados. Es por eso que el desempleo no pudo procesar mi solicitud. Legal Aid me ayud\u00f3 mucho con el papeleo, todos los formularios W-2 y los documentos necesarios para nombrarme como empleado. Finalmente consegu\u00ed mi desempleo por esa temporada arruinada.<\/span><\/p>\n<p><span class=\"tlid-translation translation\">Legal Aid tambi\u00e9n descubri\u00f3 que nuestro jefe no nos estaba pagando lo que nos deb\u00eda. Me ayudaron a demandar. Hicieron todas las preguntas, llegaron a tiempo, todo sali\u00f3 bien. Sab\u00eda que las cosas iban a tomar un minuto, pero lo apreciaba. Eventualmente pude obtener lo que nuestro jefe nos quit\u00f3. La asistencia legal fue buena para nosotros, porque nos ayudaron cuando nos enga\u00f1aban. No sab\u00eda c\u00f3mo combatir la discriminaci\u00f3n y las trampas a las que me enfrentaba, as\u00ed que me alegro por su ayuda. Recomendar\u00eda a otros en una mala situaci\u00f3n, solicite ayuda de Ayuda Legal &#8220;.<\/p>\n<p>&#8211; Cliente de Ayuda Legal<\/span><\/p>\n<p>&nbsp;<\/p>\n<hr \/>\n","protected":false},"excerpt":{"rendered":"<p>Nuestros clientes son nuestra prioridad y nos siguen inspirando para hacer nuestro trabajo. Debido a la intimidaci\u00f3n que los trabajadores agr\u00edcolas enfrentan diariamente en el lugar de trabajo, muchos de ellos temen exigir sus derechos o hablar p\u00fablicamente sobre sus experiencias al hacerlo. Para honrar su valor y determinaci\u00f3n, respetaremos su deseo de permanecer en [&hellip;]<\/p>\n","protected":false},"author":12,"featured_media":0,"parent":11,"menu_order":3,"comment_status":"closed","ping_status":"closed","template":"","meta":{"om_disable_all_campaigns":false,"_monsterinsights_skip_tracking":false,"_monsterinsights_sitenote_active":false,"_monsterinsights_sitenote_note":"","_monsterinsights_sitenote_category":0,"_uf_show_specific_survey":0,"_uf_disable_surveys":false,"jetpack_post_was_ever_published":false,"footnotes":""},"class_list":["post-1201","page","type-page","status-publish","hentry"],"aioseo_notices":[],"jetpack_sharing_enabled":true,"jetpack_shortlink":"https:\/\/wp.me\/P6RHEE-jn","_links":{"self":[{"href":"http:\/\/www.farmworkerlanc.org\/es\/wp-json\/wp\/v2\/pages\/1201","targetHints":{"allow":["GET"]}}],"collection":[{"href":"http:\/\/www.farmworkerlanc.org\/es\/wp-json\/wp\/v2\/pages"}],"about":[{"href":"http:\/\/www.farmworkerlanc.org\/es\/wp-json\/wp\/v2\/types\/page"}],"author":[{"embeddable":true,"href":"http:\/\/www.farmworkerlanc.org\/es\/wp-json\/wp\/v2\/users\/12"}],"replies":[{"embeddable":true,"href":"http:\/\/www.farmworkerlanc.org\/es\/wp-json\/wp\/v2\/comments?post=1201"}],"version-history":[{"count":3,"href":"http:\/\/www.farmworkerlanc.org\/es\/wp-json\/wp\/v2\/pages\/1201\/revisions"}],"predecessor-version":[{"id":1204,"href":"http:\/\/www.farmworkerlanc.org\/es\/wp-json\/wp\/v2\/pages\/1201\/revisions\/1204"}],"up":[{"embeddable":true,"href":"http:\/\/www.farmworkerlanc.org\/es\/wp-json\/wp\/v2\/pages\/11"}],"wp:attachment":[{"href":"http:\/\/www.farmworkerlanc.org\/es\/wp-json\/wp\/v2\/media?parent=1201"}],"curies":[{"name":"wp","href":"https:\/\/api.w.org\/{rel}","templated":true}]}}