{"id":1242,"date":"2019-02-07T14:14:10","date_gmt":"2019-02-07T20:14:10","guid":{"rendered":"http:\/\/www.farmworkerlanc.org\/es\/?page_id=1242"},"modified":"2022-02-04T12:19:27","modified_gmt":"2022-02-04T18:19:27","slug":"empleos-practicas","status":"publish","type":"page","link":"http:\/\/www.farmworkerlanc.org\/es\/como-involucrarse\/empleos-practicas\/","title":{"rendered":"Empleos \/ Pr\u00e1cticas"},"content":{"rendered":"<p>Actualmente estamos reclutando abogados y pasantes para trabajar con nosotros en nuestra oficina.\u00a0Adem\u00e1s, Estudiantes en Acci\u00f3n con Campesinos, est\u00e1 buscando pasantes universitarios y reci\u00e9n egresados.<\/p>\n<p>La Divisi\u00f3n para los Trabajadores Agr\u00edcolas brinda asistencia legal gratuita en asuntos civiles a los trabajadores agr\u00edcolas en todo el estado. La Divisi\u00f3n cuenta con cuatro abogados, un coordinador de educaci\u00f3n comunitaria y tres asistentes legales. Ayuda Legal est\u00e1 comprometida a la representaci\u00f3n de alta calidad para los clientes trabajadores agr\u00edcolas, y ofrece la oportunidad de realizar un trabajo desafiante con colegas dedicados.<\/p>\n<p>\u00bfPreguntas? Comun\u00edquese con la abogada gerente Caitlin Ryland (<a href=\"mailto:CaitlinR@legalaidnc.org\">CaitlinR@legalaidnc.org<\/a>).<\/p>\n<p>&nbsp;<\/p>\n<h2><strong>Abogados<\/strong><\/h2>\n<p>Estamos buscando abogados biling\u00fces comprometidos a ayudar a los trabajadores del campo en Carolina del Norte para los siguientes papeles:<\/p>\n<p>\u2022 <a href=\"https:\/\/www.indeed.com\/cmp\/Legal-Aid-of-North-Carolina\/jobs?jk=5216fc9b34b59b1a&amp;start=0\" target=\"_blank\" rel=\"noopener noreferrer\">Abogado contra la Trata de Personas<\/a><br \/>\n\u2022 <a href=\"https:\/\/www.indeed.com\/cmp\/Legal-Aid-of-North-Carolina\/jobs?jk=e4827debd48539a1&amp;start=0\" target=\"_blank\" rel=\"noopener noreferrer\">Abogado para los Derechos de los Trabajadores de Bajos Ingresos<\/a><br \/>\n\u2022 <a href=\"https:\/\/www.indeed.com\/cmp\/Legal-Aid-of-North-Carolina\/jobs?jk=d2825457cc125f67&amp;start=0&amp;clearPrefilter=1\" target=\"_blank\" rel=\"noopener noreferrer\">Abogado de la Divisi\u00f3n para los Trabajadores Agr\u00edcolas<\/a><\/p>\n<p>Para aprender m\u00e1s y para entregar su curr\u00edculum, haga clic <a href=\"https:\/\/www.indeed.com\/jobs?q=attorney%20farmworker&amp;l=Raleigh%2C%20NC&amp;vjk=2ef5d141c4623fb2\" target=\"_blank\" rel=\"noopener noreferrer\">aqu\u00ed<\/a>.<\/p>\n<h2><\/h2>\n<h2><strong>Pr\u00e1cticas para estudiantes de derecho<\/strong><\/h2>\n<p>Ayuda Legal de Carolina del Norte est\u00e1 contrantando a pastantes estudiantes de derecho, a trav\u00e9s del Programa de pasantes Martin Luther King Jr.<\/p>\n<p>El programa Martin Luther King Jr. permite a los estudiantes de derecho trabajar 10 semanas en Ayuda Legal de Carolina del Norte con una pasant\u00eda legal renumerado. El pasante de MLK para la Unidad de Trabajadores Agr\u00edcolas\u00a0trabajar\u00e1 directamente con los clientes y los ayudar\u00e1 con una amplia variedad de necesidades. Bajo la supervisi\u00f3n de un abogado, el pasante de derecho MLK ser\u00e1 responsable del apoyo de casos en litigios actuales, entrevistando a nuevos clientes, apoyando los esfuerzos de educaci\u00f3n comunitaria, trabajando en equipo en los casos y asistiendo a reuniones de personal. Adem\u00e1s, cuando se reanude el alcance en persona, se espera que el pasante acompa\u00f1e al personal experimentado en alcance a los campamentos de trabajadores migrantes varias tardes cada semana. <strong>Se requiere dominio del espa\u00f1ol y una licencia de conducir v\u00e1lida.<\/strong><\/p>\n<p>Lea m\u00e1s sobre el puesto y c\u00f3mo postularse <a href=\"http:\/\/www.farmworkerlanc.org\/get-involved\/jobs-internships\/\" target=\"_blank\" rel=\"noopener noreferrer\">aqu\u00ed<\/a>.<\/p>\n<p>&nbsp;<\/p>\n<h2><strong>Pr\u00e1cticas para estudiantes de la universidad<\/strong><\/h2>\n<p><a href=\"https:\/\/saf-unite.org\/es\/\" target=\"_blank\" rel=\"noopener noreferrer\">Estudiantes en Acci\u00f3n con Campesinos<\/a> est\u00e1 buscando pasantes universitarios para el programa \u201cHacia los Campos\u201d para el verano del 2022. En a\u00f1os anteriores, pasantes han realizado sus pr\u00e1cticas en nuestra oficina y en otras organizaciones aliadas. Para aprender m\u00e1s sobre esta oportunidad, <a href=\"https:\/\/saf-unite.org\/es\/programs\/hacia-los-campos-into-the-fields\/\" target=\"_blank\" rel=\"noopener noreferrer\">haga clic aqu\u00ed<\/a>. <span style=\"text-decoration: underline;\">La fecha l\u00edmite de la solicitud es el 7 de febrero del 2022.<\/span><\/p>\n<p>&nbsp;<\/p>\n<h2><strong>Programa de voluntarios Testigos por la Justicia<\/strong><\/h2>\n<p>Haga clic <a href=\"https:\/\/www.farmworkerlanc.org\/es\/como-involucrarse\/testigos-por-la-justicia-un-programa-para-voluntarios\/\">aqu\u00ed<\/a>.<\/p>\n<p>&nbsp;<\/p>\n<h2><strong>Otros empleos<\/strong><\/h2>\n<p>La Divisi\u00f3n para los Trabajadores Agr\u00edcolas no est\u00e1 contratando para otros puestos en este momento. Por favor, revise esta p\u00e1gina m\u00e1s tarde o busque empleos en otras oficinas de <a href=\"https:\/\/www.legalaidnc.org\/about-us\/jobs\">Ayuda Legal de Carolina del Norte<\/a> y <a href=\"https:\/\/saf-unite.org\/es\/resource_category\/empleos-oportunidades\/\" target=\"_blank\" rel=\"noopener noreferrer\">otras organizaciones de trabajadores agr\u00edcolas<\/a>.<\/p>\n","protected":false},"excerpt":{"rendered":"<p>Actualmente estamos reclutando abogados y pasantes para trabajar con nosotros en nuestra oficina.\u00a0Adem\u00e1s, Estudiantes en Acci\u00f3n con Campesinos, est\u00e1 buscando pasantes universitarios y reci\u00e9n egresados. La Divisi\u00f3n para los Trabajadores Agr\u00edcolas brinda asistencia legal gratuita en asuntos civiles a los trabajadores agr\u00edcolas en todo el estado. La Divisi\u00f3n cuenta con cuatro abogados, un coordinador de [&hellip;]<\/p>\n","protected":false},"author":12,"featured_media":0,"parent":1236,"menu_order":2,"comment_status":"closed","ping_status":"closed","template":"","meta":{"om_disable_all_campaigns":false,"_monsterinsights_skip_tracking":false,"_monsterinsights_sitenote_active":false,"_monsterinsights_sitenote_note":"","_monsterinsights_sitenote_category":0,"_uf_show_specific_survey":0,"_uf_disable_surveys":false,"jetpack_post_was_ever_published":false,"footnotes":""},"class_list":["post-1242","page","type-page","status-publish","hentry"],"aioseo_notices":[],"jetpack_sharing_enabled":true,"jetpack_shortlink":"https:\/\/wp.me\/P6RHEE-k2","_links":{"self":[{"href":"http:\/\/www.farmworkerlanc.org\/es\/wp-json\/wp\/v2\/pages\/1242","targetHints":{"allow":["GET"]}}],"collection":[{"href":"http:\/\/www.farmworkerlanc.org\/es\/wp-json\/wp\/v2\/pages"}],"about":[{"href":"http:\/\/www.farmworkerlanc.org\/es\/wp-json\/wp\/v2\/types\/page"}],"author":[{"embeddable":true,"href":"http:\/\/www.farmworkerlanc.org\/es\/wp-json\/wp\/v2\/users\/12"}],"replies":[{"embeddable":true,"href":"http:\/\/www.farmworkerlanc.org\/es\/wp-json\/wp\/v2\/comments?post=1242"}],"version-history":[{"count":19,"href":"http:\/\/www.farmworkerlanc.org\/es\/wp-json\/wp\/v2\/pages\/1242\/revisions"}],"predecessor-version":[{"id":1611,"href":"http:\/\/www.farmworkerlanc.org\/es\/wp-json\/wp\/v2\/pages\/1242\/revisions\/1611"}],"up":[{"embeddable":true,"href":"http:\/\/www.farmworkerlanc.org\/es\/wp-json\/wp\/v2\/pages\/1236"}],"wp:attachment":[{"href":"http:\/\/www.farmworkerlanc.org\/es\/wp-json\/wp\/v2\/media?parent=1242"}],"curies":[{"name":"wp","href":"https:\/\/api.w.org\/{rel}","templated":true}]}}