{"id":13,"date":"2009-10-29T17:02:52","date_gmt":"2009-10-29T23:02:52","guid":{"rendered":"http:\/\/www.farmworkerlanc.org\/es\/?page_id=13"},"modified":"2019-02-07T13:16:12","modified_gmt":"2019-02-07T19:16:12","slug":"conozca-sus-derechos","status":"publish","type":"page","link":"http:\/\/www.farmworkerlanc.org\/es\/recursos\/conozca-sus-derechos\/","title":{"rendered":"Conozca sus derechos"},"content":{"rendered":"<p>Para obtener informaci\u00f3n general sobre los derechos de los trabajadores agr\u00edcolas, visite nuestra p\u00e1gina de\u00a0 <a href=\"http:\/\/www.farmworkerlanc.org\/es\/publicaciones\">Publicaciones<\/a>.<\/p>\n<p>Para obtener informaci\u00f3n sobre los contratos de los trabajadores hu\u00e9spedes H-2A,\u00a0 <a href=\"http:\/\/www.farmworkerlanc.org\/es\/conozca-sus-derechos\/h2a\">haga click aqu\u00ed<\/a>.<\/p>\n<hr noshade=\"noshade\" size=\"2\" \/>\n<p>En esta secci\u00f3n, usted puede encontrar informaci\u00f3n sobre\u00a0los siguientes temas:<\/p>\n<ul>\n<li><a href=\"http:\/\/www.farmworkerlanc.org\/es\/conozca-sus-derechos\/salario\">El salario del trabajador<\/a><\/li>\n<\/ul>\n<ul>\n<li><a href=\"http:\/\/www.farmworkerlanc.org\/es\/conozca-sus-derechos\/promesas-de-los-empleadores\">Las promesas de los empleadores<\/a><\/li>\n<\/ul>\n<ul>\n<li><a href=\"http:\/\/www.farmworkerlanc.org\/es\/conozca-sus-derechos\/h2a\">El contrato para trabajadores hu\u00e9spedes, H-2A<\/a><\/li>\n<\/ul>\n<ul>\n<li><a href=\"http:\/\/www.farmworkerlanc.org\/es\/conozca-sus-derechos\/trafico-humano\">El tr\u00e1fico humano en la industria de la agricultura<\/a><\/li>\n<\/ul>\n<ul>\n<li><a href=\"http:\/\/www.farmworkerlanc.org\/es\/conozca-sus-derechos\/la-vivienda\">La vivienda de los trabajadores agr\u00edcolas<\/a><\/li>\n<\/ul>\n<ul>\n<li><a href=\"http:\/\/www.farmworkerlanc.org\/es\/conozca-sus-derechos\/derecho-a-tener-visitas\">El derecho a tener visitas<\/a><\/li>\n<\/ul>\n<ul>\n<li><a href=\"http:\/\/www.farmworkerlanc.org\/es\/conozca-sus-derechos\/compensacion-al-trabajador\">Los derechos de Compensaci\u00f3n al Trabajador<\/a><\/li>\n<\/ul>\n<ul>\n<li><a href=\"http:\/\/www.farmworkerlanc.org\/es\/conozca-sus-derechos\/sanidad-en-el-campo\">La sanidad en el campo<\/a><\/li>\n<\/ul>\n<ul>\n<li><a href=\"http:\/\/www.farmworkerlanc.org\/es\/conozca-sus-derechos\/pesticidas\">Los pesticidas<\/a><\/li>\n<\/ul>\n<ul>\n<li><a href=\"http:\/\/www.farmworkerlanc.org\/es\/conozca-sus-derechos\/enfermedad-del-tabaco-verde\">La enfermedad del Tabaco Verde<\/a><\/li>\n<\/ul>\n<ul>\n<li><a href=\"http:\/\/www.farmworkerlanc.org\/es\/conozca-sus-derechos\/insolacion\">El riesgo de insolaci\u00f3n de los trabajadores agr\u00edcolas<\/a><\/li>\n<\/ul>\n<ul>\n<li><a href=\"http:\/\/www.farmworkerlanc.org\/es\/conozca-sus-derechos\/la-ley-de-represalias\">La Ley de Represalias<\/a><\/li>\n<\/ul>\n<p>&nbsp;<\/p>\n<h6><a href=\"http:\/\/www.farmworkerlanc.org\/know-your-rights\">Read this page in English.<\/a><\/h6>\n","protected":false},"excerpt":{"rendered":"<p>Para obtener informaci\u00f3n general sobre los derechos de los trabajadores agr\u00edcolas, visite nuestra p\u00e1gina de\u00a0 Publicaciones. Para obtener informaci\u00f3n sobre los contratos de los trabajadores hu\u00e9spedes H-2A,\u00a0 haga click aqu\u00ed. En esta secci\u00f3n, usted puede encontrar informaci\u00f3n sobre\u00a0los siguientes temas: El salario del trabajador Las promesas de los empleadores El contrato para trabajadores hu\u00e9spedes, H-2A [&hellip;]<\/p>\n","protected":false},"author":1,"featured_media":0,"parent":1205,"menu_order":2,"comment_status":"closed","ping_status":"open","template":"","meta":{"om_disable_all_campaigns":false,"_monsterinsights_skip_tracking":false,"_monsterinsights_sitenote_active":false,"_monsterinsights_sitenote_note":"","_monsterinsights_sitenote_category":0,"_uf_show_specific_survey":0,"_uf_disable_surveys":false,"jetpack_post_was_ever_published":false,"footnotes":""},"class_list":["post-13","page","type-page","status-publish","hentry"],"aioseo_notices":[],"jetpack_sharing_enabled":true,"jetpack_shortlink":"https:\/\/wp.me\/P6RHEE-d","_links":{"self":[{"href":"http:\/\/www.farmworkerlanc.org\/es\/wp-json\/wp\/v2\/pages\/13","targetHints":{"allow":["GET"]}}],"collection":[{"href":"http:\/\/www.farmworkerlanc.org\/es\/wp-json\/wp\/v2\/pages"}],"about":[{"href":"http:\/\/www.farmworkerlanc.org\/es\/wp-json\/wp\/v2\/types\/page"}],"author":[{"embeddable":true,"href":"http:\/\/www.farmworkerlanc.org\/es\/wp-json\/wp\/v2\/users\/1"}],"replies":[{"embeddable":true,"href":"http:\/\/www.farmworkerlanc.org\/es\/wp-json\/wp\/v2\/comments?post=13"}],"version-history":[{"count":37,"href":"http:\/\/www.farmworkerlanc.org\/es\/wp-json\/wp\/v2\/pages\/13\/revisions"}],"predecessor-version":[{"id":1207,"href":"http:\/\/www.farmworkerlanc.org\/es\/wp-json\/wp\/v2\/pages\/13\/revisions\/1207"}],"up":[{"embeddable":true,"href":"http:\/\/www.farmworkerlanc.org\/es\/wp-json\/wp\/v2\/pages\/1205"}],"wp:attachment":[{"href":"http:\/\/www.farmworkerlanc.org\/es\/wp-json\/wp\/v2\/media?parent=13"}],"curies":[{"name":"wp","href":"https:\/\/api.w.org\/{rel}","templated":true}]}}