{"id":130,"date":"2010-05-04T09:08:33","date_gmt":"2010-05-04T15:08:33","guid":{"rendered":"http:\/\/www.farmworkerlanc.org\/es\/?page_id=130"},"modified":"2015-08-12T13:22:37","modified_gmt":"2015-08-12T19:22:37","slug":"enfermedad-del-tabaco-verde","status":"publish","type":"page","link":"http:\/\/www.farmworkerlanc.org\/es\/recursos\/conozca-sus-derechos\/enfermedad-del-tabaco-verde\/","title":{"rendered":"La enfermedad del tabaco verde"},"content":{"rendered":"<div id=\"attachment_131\" style=\"width: 175px\" class=\"wp-caption alignleft\"><img loading=\"lazy\" decoding=\"async\" aria-describedby=\"caption-attachment-131\" class=\"size-full wp-image-131\" title=\"Tobacco1\" alt=\"\" src=\"http:\/\/www.farmworkerlanc.org\/es\/wp-content\/uploads\/2010\/05\/Tobacco1.jpg\" width=\"165\" height=\"230\" \/><p id=\"caption-attachment-131\" class=\"wp-caption-text\">Un trabajador agr\u00edcola en un campo de tabaco<\/p><\/div>\n<div id=\"attachment_132\" style=\"width: 273px\" class=\"wp-caption alignleft\"><img loading=\"lazy\" decoding=\"async\" aria-describedby=\"caption-attachment-132\" class=\"size-full wp-image-132 \" title=\"Tobacco2\" alt=\"\" src=\"http:\/\/www.farmworkerlanc.org\/es\/wp-content\/uploads\/2010\/05\/Tobacco2.jpg\" width=\"263\" height=\"230\" \/><p id=\"caption-attachment-132\" class=\"wp-caption-text\">Los trabajadores se protegen con impermeables<\/p><\/div>\n<p>&nbsp;<\/p>\n<p>&nbsp;<\/p>\n<p>&nbsp;<\/p>\n<p>&nbsp;<\/p>\n<p>&nbsp;<\/p>\n<p>&nbsp;<\/p>\n<p>&nbsp;<\/p>\n<p>&nbsp;<\/p>\n<p>&nbsp;<\/p>\n<p>&nbsp;<\/p>\n<p><b>La Enfermedad del Tabaco Verde es una enfermedad ocupacional\u00a0 que afecta a las personas que trabajan en contacto con las plantas de tabaco verde. Se le conoce como Envenenamiento por Nicotina o como la enfermedad del Monstruo Verde.<\/b><\/p>\n<p>Al tocar las hojas de tabaco verde, especialmente cuando est\u00e1n mojadas, usted absorbe nicotina a trav\u00e9s de los poros de la piel. La nicotina es un estimulante muy fuerte y si usted absorbe una cantidad suficiente podr\u00eda experimentar varios s\u00edntomas dolorosos causados por el envenenamiento con la nicotina.<\/p>\n<p>Los s\u00edntomas incluyen:<\/p>\n<ul>\n<li>Dolor de cabeza<\/li>\n<li>N\u00e1useas y v\u00f3mitos<\/li>\n<li>Debilidad<\/li>\n<li>Calambres abdominales<\/li>\n<li>Mareos<\/li>\n<li>Dificultad para respirar<\/li>\n<li>Dificultad para dormir<\/li>\n<\/ul>\n<p>Cuando la piel entra en contacto con las hojas de tabaco, se puede irritar y causar ronchas en la piel. La nicotina tambi\u00e9n puede causar cambios en su presi\u00f3n arterial y su pulso.<\/p>\n<p>Usted puede minimizar el riesgo de contraer esta enfermedad tomando los siguientes pasos:<\/p>\n<ul>\n<li>Siempre use ropa que lo proteja, como una camisa de manga larga y guantes<\/li>\n<\/ul>\n<ul>\n<li>Si su ropa se moja por la humedad de las plantas o por el sudor, qu\u00edtese la ropa mojada y p\u00f3ngase ropa seca<\/li>\n<\/ul>\n<ul>\n<li>Lave la ropa vigorosamente despu\u00e9s de cada uso para remover la nicotina que la ropa ha absorbido<\/li>\n<\/ul>\n<ul>\n<li>P\u00f3ngase ropa limpia todos los d\u00edas<\/li>\n<\/ul>\n<p>&nbsp;<\/p>\n<p>Se recomienda el uso de camisas y guantes de algod\u00f3n. La ropa y los guantes impermeables aumentan el riesgo de insolaci\u00f3n.<\/p>\n<p>Si usted se enferma con la Enfermedad del Tabaco Verde, puede ver al doctor para que le recete medicina que le ayude con los s\u00edntomas.<\/p>\n<p>Generalmente, al pasar el tiempo, usted se sentir\u00e1 mejor. Tomar bastantes l\u00edquidos, como si tuviera una gripa, lo ayudar\u00e1.<\/p>\n<p>Si su empleador tiene <a href=\"http:\/\/www.farmworkerlanc.org\/es\/conozca-sus-derechos\/compensacion-al-trabajador\">Seguro de Compensaci\u00f3n al Trabajador<\/a>, la Enfermedad del Tabaco Verde se tratar\u00e1 \u00a0como una enfermad ocupacional.<\/p>\n<h6><a href=\"http:\/\/www.farmworkerlanc.org\/know-your-rights\/green-tobacco-sickness\">Read this page in English.<\/a><\/h6>\n","protected":false},"excerpt":{"rendered":"<p>&nbsp; &nbsp; &nbsp; &nbsp; &nbsp; &nbsp; &nbsp; &nbsp; &nbsp; &nbsp; La Enfermedad del Tabaco Verde es una enfermedad ocupacional\u00a0 que afecta a las personas que trabajan en contacto con las plantas de tabaco verde. Se le conoce como Envenenamiento por Nicotina o como la enfermedad del Monstruo Verde. Al tocar las hojas de tabaco verde, [&hellip;]<\/p>\n","protected":false},"author":1,"featured_media":0,"parent":13,"menu_order":10,"comment_status":"closed","ping_status":"closed","template":"","meta":{"om_disable_all_campaigns":false,"_monsterinsights_skip_tracking":false,"_monsterinsights_sitenote_active":false,"_monsterinsights_sitenote_note":"","_monsterinsights_sitenote_category":0,"_uf_show_specific_survey":0,"_uf_disable_surveys":false,"jetpack_post_was_ever_published":false,"footnotes":""},"class_list":["post-130","page","type-page","status-publish","hentry"],"aioseo_notices":[],"jetpack_sharing_enabled":true,"jetpack_shortlink":"https:\/\/wp.me\/P6RHEE-26","_links":{"self":[{"href":"http:\/\/www.farmworkerlanc.org\/es\/wp-json\/wp\/v2\/pages\/130","targetHints":{"allow":["GET"]}}],"collection":[{"href":"http:\/\/www.farmworkerlanc.org\/es\/wp-json\/wp\/v2\/pages"}],"about":[{"href":"http:\/\/www.farmworkerlanc.org\/es\/wp-json\/wp\/v2\/types\/page"}],"author":[{"embeddable":true,"href":"http:\/\/www.farmworkerlanc.org\/es\/wp-json\/wp\/v2\/users\/1"}],"replies":[{"embeddable":true,"href":"http:\/\/www.farmworkerlanc.org\/es\/wp-json\/wp\/v2\/comments?post=130"}],"version-history":[{"count":11,"href":"http:\/\/www.farmworkerlanc.org\/es\/wp-json\/wp\/v2\/pages\/130\/revisions"}],"predecessor-version":[{"id":169,"href":"http:\/\/www.farmworkerlanc.org\/es\/wp-json\/wp\/v2\/pages\/130\/revisions\/169"}],"up":[{"embeddable":true,"href":"http:\/\/www.farmworkerlanc.org\/es\/wp-json\/wp\/v2\/pages\/13"}],"wp:attachment":[{"href":"http:\/\/www.farmworkerlanc.org\/es\/wp-json\/wp\/v2\/media?parent=130"}],"curies":[{"name":"wp","href":"https:\/\/api.w.org\/{rel}","templated":true}]}}