{"id":1406,"date":"2020-04-15T07:26:54","date_gmt":"2020-04-15T13:26:54","guid":{"rendered":"http:\/\/www.farmworkerlanc.org\/es\/?page_id=1406"},"modified":"2020-06-15T08:14:31","modified_gmt":"2020-06-15T14:14:31","slug":"covid-19","status":"publish","type":"page","link":"http:\/\/www.farmworkerlanc.org\/es\/covid-19\/","title":{"rendered":"COVID-19"},"content":{"rendered":"<p><a href=\"http:\/\/www.farmworkerlanc.org\/es\/wp-content\/uploads\/2020\/04\/Website-BannerSPA.png\"><img loading=\"lazy\" decoding=\"async\" class=\"aligncenter size-full wp-image-1409\" src=\"http:\/\/www.farmworkerlanc.org\/es\/wp-content\/uploads\/2020\/04\/Website-BannerSPA.png\" alt=\"\" width=\"1041\" height=\"245\" srcset=\"http:\/\/www.farmworkerlanc.org\/es\/wp-content\/uploads\/2020\/04\/Website-BannerSPA.png 1041w, http:\/\/www.farmworkerlanc.org\/es\/wp-content\/uploads\/2020\/04\/Website-BannerSPA-300x71.png 300w, http:\/\/www.farmworkerlanc.org\/es\/wp-content\/uploads\/2020\/04\/Website-BannerSPA-1024x241.png 1024w, http:\/\/www.farmworkerlanc.org\/es\/wp-content\/uploads\/2020\/04\/Website-BannerSPA-768x181.png 768w\" sizes=\"auto, (max-width: 1041px) 100vw, 1041px\" \/><\/a><\/p>\n<p>Los trabajadores agr\u00edcolas temporales y migrantes son considerados &#8220;trabajadores esenciales&#8221; durante la pandemia de COVID-19 para mantener a nuestras comunidades alimentadas mientras arriesgan su propia salud. Los trabajadores agr\u00edcolas ya enfrentan numerosos desaf\u00edos para protegerse a s\u00ed mismos y a sus familias y a\u00fan m\u00e1s en tiempos de emergencia debido al aislamiento, las barreras del idioma, la falta de transporte y la falta de conexi\u00f3n a los servicios en la comunidad.<\/p>\n<p>A medida que navegamos estos tiempos sin precedentes con la pandemia de COVID-19, la Divisi\u00f3n para los trabajadores agr\u00edcolas continuar\u00e1 monitoreando los desarrollos y compartir\u00e1 recursos y gu\u00edas para los trabajadores agr\u00edcolas temporales y migrantes en Carolina del Norte.<\/p>\n<p>Para mantenerse al d\u00eda con las recomendaciones de salud a nivel federal y estatal, siga:<\/p>\n<p><em><strong>El Centro para el Control y la Prevenci\u00f3n de Enfermedades (CDC) en Espa\u00f1ol<\/strong><\/em>: <a href=\"https:\/\/espanol.cdc.gov\/coronavirus\/2019-ncov\/index.html?CDC_AA_refVal=https%3A%2F%2Fwww.cdc.gov%2Fcoronavirus%2F2019-ncov%2Findex-sp.html\">https:\/\/espanol.cdc.gov\/coronavirus\/2019-ncov\/index.html?CDC_AA_refVal=https%3A%2F%2Fwww.cdc.gov%2Fcoronavirus%2F2019-ncov%2Findex-sp.html\u00a0<\/a><\/p>\n<p><em><strong>El Departamento de Salud y Servicios Humanos de Carolina del Norte (NCDHHS):<\/strong> <\/em><a href=\"https:\/\/www.ncdhhs.gov\/divisions\/public-health\/covid19\">https:\/\/www.ncdhhs.gov\/divisions\/public-health\/covid19<\/a><\/p>\n<p>&nbsp;<\/p>\n<h3>Recursos para trabajadores agr\u00edcolas temporales y migrantes<\/h3>\n<p>&nbsp;<\/p>\n<p><strong><a href=\"http:\/\/www.farmworkerlanc.org\/es\/wp-content\/uploads\/2020\/04\/2019-ncov-factsheet-sp.pdf\">\u00bfQu\u00e9 es la enfermedad conocida como COVID-19 (Coronavirus)?<\/a><\/strong><\/p>\n<p><a href=\"http:\/\/www.farmworkerlanc.org\/es\/wp-content\/uploads\/2020\/04\/What-is-COVID-19.png\"><img loading=\"lazy\" decoding=\"async\" class=\"alignleft wp-image-1418 size-medium\" src=\"http:\/\/www.farmworkerlanc.org\/es\/wp-content\/uploads\/2020\/04\/What-is-COVID-19-232x300.png\" alt=\"\" width=\"232\" height=\"300\" srcset=\"http:\/\/www.farmworkerlanc.org\/es\/wp-content\/uploads\/2020\/04\/What-is-COVID-19-232x300.png 232w, http:\/\/www.farmworkerlanc.org\/es\/wp-content\/uploads\/2020\/04\/What-is-COVID-19.png 463w\" sizes=\"auto, (max-width: 232px) 100vw, 232px\" \/><\/a><\/p>\n<p>&nbsp;<\/p>\n<p>&nbsp;<\/p>\n<p>&nbsp;<\/p>\n<p>&nbsp;<\/p>\n<p>&nbsp;<\/p>\n<p>&nbsp;<\/p>\n<p>&nbsp;<\/p>\n<p>&nbsp;<\/p>\n<p>&nbsp;<\/p>\n<p><a href=\"https:\/\/www.youtube.com\/watch?v=h1DwTmFaI3Y&amp;feature=youtu.be\"><img loading=\"lazy\" decoding=\"async\" class=\"wp-image-1425 size-medium alignleft\" src=\"http:\/\/www.farmworkerlanc.org\/es\/wp-content\/uploads\/2020\/04\/NC_extension_COVID19-1-300x151.png\" alt=\"\" width=\"300\" height=\"151\" srcset=\"http:\/\/www.farmworkerlanc.org\/es\/wp-content\/uploads\/2020\/04\/NC_extension_COVID19-1-300x151.png 300w, http:\/\/www.farmworkerlanc.org\/es\/wp-content\/uploads\/2020\/04\/NC_extension_COVID19-1.png 347w\" sizes=\"auto, (max-width: 300px) 100vw, 300px\" \/><\/a>Video creado por el Programa de Salud y Seguridad para Trabajadores Agr\u00edcolas de la Extensi\u00f3n Cooperativa de Carolina del Norte<\/p>\n<p>&nbsp;<\/p>\n<p>&nbsp;<\/p>\n<p>&nbsp;<\/p>\n<p>&nbsp;<\/p>\n<p><strong><a href=\"http:\/\/www.farmworkerlanc.org\/es\/wp-content\/uploads\/2020\/04\/COVID19-symptoms-sp.pdf\">S\u00edntomas de la enfermedad COVID-19 (Coronavirus)<\/a><\/strong><\/p>\n<p><a href=\"http:\/\/www.farmworkerlanc.org\/es\/wp-content\/uploads\/2020\/04\/CDC-symptoms.png\"><img loading=\"lazy\" decoding=\"async\" class=\"alignleft wp-image-1420 size-medium\" src=\"http:\/\/www.farmworkerlanc.org\/es\/wp-content\/uploads\/2020\/04\/CDC-symptoms-232x300.png\" alt=\"\" width=\"232\" height=\"300\" srcset=\"http:\/\/www.farmworkerlanc.org\/es\/wp-content\/uploads\/2020\/04\/CDC-symptoms-232x300.png 232w, http:\/\/www.farmworkerlanc.org\/es\/wp-content\/uploads\/2020\/04\/CDC-symptoms.png 474w\" sizes=\"auto, (max-width: 232px) 100vw, 232px\" \/><\/a><\/p>\n<p>&nbsp;<\/p>\n<p>&nbsp;<\/p>\n<p>&nbsp;<\/p>\n<p>&nbsp;<\/p>\n<p>&nbsp;<\/p>\n<p>&nbsp;<\/p>\n<p>&nbsp;<\/p>\n<p>&nbsp;<\/p>\n<p>&nbsp;<\/p>\n<p><strong><a href=\"http:\/\/www.farmworkerlanc.org\/es\/wp-content\/uploads\/2020\/04\/stop-the-spread-of-germs-11x17-sp.pdf\">Prevenci\u00f3n para la enfermedad COVID-19 (Coronav<\/a><\/strong><strong><a href=\"http:\/\/www.farmworkerlanc.org\/es\/wp-content\/uploads\/2020\/04\/stop-the-spread-of-germs-11x17-sp.pdf\">irus)<\/a><\/strong><\/p>\n<p><a href=\"http:\/\/www.farmworkerlanc.org\/es\/wp-content\/uploads\/2020\/04\/covid19-prevention.png\"><img loading=\"lazy\" decoding=\"async\" class=\"alignleft wp-image-1421 size-medium\" src=\"http:\/\/www.farmworkerlanc.org\/es\/wp-content\/uploads\/2020\/04\/covid19-prevention-231x300.png\" alt=\"\" width=\"231\" height=\"300\" srcset=\"http:\/\/www.farmworkerlanc.org\/es\/wp-content\/uploads\/2020\/04\/covid19-prevention-231x300.png 231w, http:\/\/www.farmworkerlanc.org\/es\/wp-content\/uploads\/2020\/04\/covid19-prevention.png 473w\" sizes=\"auto, (max-width: 231px) 100vw, 231px\" \/><\/a><\/p>\n<p>&nbsp;<\/p>\n<p>&nbsp;<\/p>\n<p>&nbsp;<\/p>\n<p>&nbsp;<\/p>\n<p>&nbsp;<\/p>\n<p>&nbsp;<\/p>\n<p>&nbsp;<\/p>\n<p>&nbsp;<\/p>\n<p>&nbsp;<\/p>\n<p><strong><a href=\"http:\/\/www.farmworkerlanc.org\/es\/wp-content\/uploads\/2020\/04\/Food-Sales-2020.pdf\">Conozca sus derechos para los trabajadores H2A y los planes de comidas del empleador\u00a0<\/a><\/strong><\/p>\n<p><a href=\"http:\/\/www.farmworkerlanc.org\/es\/wp-content\/uploads\/2020\/04\/Food-Sales-2020-page1.png\"><img loading=\"lazy\" decoding=\"async\" class=\"size-medium wp-image-1432 alignleft\" src=\"http:\/\/www.farmworkerlanc.org\/es\/wp-content\/uploads\/2020\/04\/Food-Sales-2020-page1-209x300.png\" alt=\"\" width=\"209\" height=\"300\" srcset=\"http:\/\/www.farmworkerlanc.org\/es\/wp-content\/uploads\/2020\/04\/Food-Sales-2020-page1-209x300.png 209w, http:\/\/www.farmworkerlanc.org\/es\/wp-content\/uploads\/2020\/04\/Food-Sales-2020-page1-714x1024.png 714w, http:\/\/www.farmworkerlanc.org\/es\/wp-content\/uploads\/2020\/04\/Food-Sales-2020-page1-768x1102.png 768w, http:\/\/www.farmworkerlanc.org\/es\/wp-content\/uploads\/2020\/04\/Food-Sales-2020-page1.png 800w\" sizes=\"auto, (max-width: 209px) 100vw, 209px\" \/><\/a>Durante la pandemia de COVID-19 es probable que los empleadores promuevan planes de comidas a los trabajadores para reducir la exposici\u00f3n del virus, pero es importante tener en cuenta que estos no son obligatorios y que los trabajadores tienen el derecho de aceptar o negar los planes de comidas.<\/p>\n<p>&nbsp;<\/p>\n<p>&nbsp;<\/p>\n<p>&nbsp;<\/p>\n<p>&nbsp;<\/p>\n<p>&nbsp;<\/p>\n<p>&nbsp;<\/p>\n<p>&nbsp;<\/p>\n<p><strong><a href=\"http:\/\/www.farmworkerlanc.org\/es\/wp-content\/uploads\/2020\/04\/FAN-Disaster-Preparedness-POSTER-FINAL.pdf\">Poster de Seguridad para Campamentos de Labor para Trabajadores Agr\u00edcolas Migrantes<\/a><\/strong><\/p>\n<p><a href=\"http:\/\/www.farmworkerlanc.org\/es\/wp-content\/uploads\/2020\/04\/FAN-Safety-Poster.jpg\"><img loading=\"lazy\" decoding=\"async\" class=\"alignleft size-medium wp-image-1436\" src=\"http:\/\/www.farmworkerlanc.org\/es\/wp-content\/uploads\/2020\/04\/FAN-Safety-Poster-205x300.jpg\" alt=\"\" width=\"205\" height=\"300\" srcset=\"http:\/\/www.farmworkerlanc.org\/es\/wp-content\/uploads\/2020\/04\/FAN-Safety-Poster-205x300.jpg 205w, http:\/\/www.farmworkerlanc.org\/es\/wp-content\/uploads\/2020\/04\/FAN-Safety-Poster.jpg 519w\" sizes=\"auto, (max-width: 205px) 100vw, 205px\" \/><\/a><\/p>\n<p>La Red Defensora de Trabajadores Agr\u00edcolas creo un poster de seguridad para los campamentos de labor para trabajadores agr\u00edcolas migrantes en Carolina del Norte para equipar a los trabajadores agr\u00edcolas con informaci\u00f3n de contacto para servicios y recursos de emergencia locales, informaci\u00f3n que es particularmente crucial a ra\u00edz de un desastre natural o una pandemia.<\/p>\n<p>&nbsp;<\/p>\n<p>&nbsp;<\/p>\n<p>&nbsp;<\/p>\n<p>&nbsp;<\/p>\n<p>&nbsp;<\/p>\n<p>&nbsp;<\/p>\n<p>&nbsp;<\/p>\n<p><strong><a href=\"http:\/\/www.farmworkerlanc.org\/es\/wp-content\/uploads\/2020\/04\/SPAN-NCJC-coronavirus-and-immigrants-version-evening-March-18-2.pdf\">Acceso a Programas de Cuidado Medico y Beneficios Publicos para Inmigrantes en Tiempo de Emergencia\u00a0<\/a><\/strong><\/p>\n<p><a href=\"http:\/\/www.farmworkerlanc.org\/es\/wp-content\/uploads\/2020\/04\/NCJC_Health.png\"><img loading=\"lazy\" decoding=\"async\" class=\"alignleft size-medium wp-image-1440\" src=\"http:\/\/www.farmworkerlanc.org\/es\/wp-content\/uploads\/2020\/04\/NCJC_Health-300x231.png\" alt=\"\" width=\"300\" height=\"231\" srcset=\"http:\/\/www.farmworkerlanc.org\/es\/wp-content\/uploads\/2020\/04\/NCJC_Health-300x231.png 300w, http:\/\/www.farmworkerlanc.org\/es\/wp-content\/uploads\/2020\/04\/NCJC_Health-768x591.png 768w, http:\/\/www.farmworkerlanc.org\/es\/wp-content\/uploads\/2020\/04\/NCJC_Health.png 776w\" sizes=\"auto, (max-width: 300px) 100vw, 300px\" \/><\/a><\/p>\n<p>El Centro de Justicia de Carolina del Norte creo una p\u00e1gina informativa sobre el acceso a programas de cuidado m\u00e9dico durante tiempos de emergencia.<\/p>\n<p>&nbsp;<\/p>\n<p>&nbsp;<\/p>\n<p>&nbsp;<\/p>\n<p>&nbsp;<\/p>\n<p>&nbsp;<\/p>\n<p>&nbsp;<\/p>\n<p><strong><a href=\"http:\/\/www.farmworkerlanc.org\/es\/wp-content\/uploads\/2020\/04\/2020-NCFHP-and-MHC-MapNEW.pdf\">Mapa e Informaci\u00f3n de Contacto para todas las Clinicas de Salud para Trabajadores Agr\u00edcolas en Carolina del Norte<\/a><\/strong><\/p>\n<p><a href=\"http:\/\/www.farmworkerlanc.org\/es\/wp-content\/uploads\/2020\/04\/NC-FW-Clinics.png\"><img loading=\"lazy\" decoding=\"async\" class=\"alignleft size-medium wp-image-1442\" src=\"http:\/\/www.farmworkerlanc.org\/es\/wp-content\/uploads\/2020\/04\/NC-FW-Clinics-300x169.png\" alt=\"\" width=\"300\" height=\"169\" srcset=\"http:\/\/www.farmworkerlanc.org\/es\/wp-content\/uploads\/2020\/04\/NC-FW-Clinics-300x169.png 300w, http:\/\/www.farmworkerlanc.org\/es\/wp-content\/uploads\/2020\/04\/NC-FW-Clinics-768x432.png 768w, http:\/\/www.farmworkerlanc.org\/es\/wp-content\/uploads\/2020\/04\/NC-FW-Clinics.png 994w\" sizes=\"auto, (max-width: 300px) 100vw, 300px\" \/><\/a><\/p>\n<p>&nbsp;<\/p>\n<p>&nbsp;<\/p>\n<p>&nbsp;<\/p>\n<p>&nbsp;<\/p>\n<p>&nbsp;<\/p>\n<p>&nbsp;<\/p>\n<p><strong>\u00bfComo hacer un reclamo con el Departamento del Trabajo?<\/strong><\/p>\n<p><a href=\"http:\/\/www.farmworkerlanc.org\/es\/wp-content\/uploads\/2020\/04\/NCDOLCompliaintPage.png\"><img loading=\"lazy\" decoding=\"async\" class=\"alignleft size-medium wp-image-1449\" src=\"http:\/\/www.farmworkerlanc.org\/es\/wp-content\/uploads\/2020\/04\/NCDOLCompliaintPage-212x300.png\" alt=\"\" width=\"212\" height=\"300\" srcset=\"http:\/\/www.farmworkerlanc.org\/es\/wp-content\/uploads\/2020\/04\/NCDOLCompliaintPage-212x300.png 212w, http:\/\/www.farmworkerlanc.org\/es\/wp-content\/uploads\/2020\/04\/NCDOLCompliaintPage.png 432w\" sizes=\"auto, (max-width: 212px) 100vw, 212px\" \/><\/a><\/p>\n<p>Si las condiciones de trabajo o vivienda son peligrosas o en malas condiciones todos los trabajadores tienen opciones para hacer un reclamo confidencial con el Departamento de Trabajo.<\/p>\n<p><a href=\"http:\/\/www.farmworkerlanc.org\/es\/wp-content\/uploads\/2020\/04\/NCDOL_complaint_FWs.pdf\">Informaci\u00f3n para los Trabajadores Agr\u00edcolas<\/a><\/p>\n<p><a href=\"http:\/\/www.farmworkerlanc.org\/es\/wp-content\/uploads\/2020\/04\/NCDOL_Complaint_Advocates_SPA.pdf\">Informaci\u00f3n para los Defensores de Trabajadores Agr\u00edcolas<\/a><\/p>\n<p>&nbsp;<\/p>\n<p>&nbsp;<\/p>\n<p>&nbsp;<\/p>\n<p>&nbsp;<\/p>\n<p>&nbsp;<\/p>\n<p><strong><a href=\"http:\/\/www.farmworkerlanc.org\/es\/wp-content\/uploads\/2020\/05\/FWU-H2A-FFCRA_CARES_Act-SPA.pdf\">Elegibilidad de los trabajadores H2A para los beneficios federales de COVID-19<\/a><\/strong><\/p>\n<p><a href=\"http:\/\/www.farmworkerlanc.org\/es\/wp-content\/uploads\/2020\/05\/FFRCA-SPA.png\"><img loading=\"lazy\" decoding=\"async\" class=\"alignleft size-medium wp-image-1468\" src=\"http:\/\/www.farmworkerlanc.org\/es\/wp-content\/uploads\/2020\/05\/FFRCA-SPA-212x300.png\" alt=\"\" width=\"212\" height=\"300\" srcset=\"http:\/\/www.farmworkerlanc.org\/es\/wp-content\/uploads\/2020\/05\/FFRCA-SPA-212x300.png 212w, http:\/\/www.farmworkerlanc.org\/es\/wp-content\/uploads\/2020\/05\/FFRCA-SPA-724x1024.png 724w, http:\/\/www.farmworkerlanc.org\/es\/wp-content\/uploads\/2020\/05\/FFRCA-SPA-768x1086.png 768w, http:\/\/www.farmworkerlanc.org\/es\/wp-content\/uploads\/2020\/05\/FFRCA-SPA.png 800w\" sizes=\"auto, (max-width: 212px) 100vw, 212px\" \/><\/a><\/p>\n<p>&nbsp;<\/p>\n<p>&nbsp;<\/p>\n<p>&nbsp;<\/p>\n<p>&nbsp;<\/p>\n<p>&nbsp;<\/p>\n<p>&nbsp;<\/p>\n<p>&nbsp;<\/p>\n<p>&nbsp;<\/p>\n<p>&nbsp;<\/p>\n<p><strong><a href=\"http:\/\/www.farmworkerlanc.org\/es\/wp-content\/uploads\/2020\/05\/FWU-H2A-EIP-Eligibility-SPA.pdf\">Elegibilidad de pagos de impacto econ\u00f3mico para los trabajadores H2A<\/a><\/strong><\/p>\n<p><a href=\"http:\/\/www.farmworkerlanc.org\/es\/wp-content\/uploads\/2020\/05\/h2a-eip-eligibi_46328871.png\"><img loading=\"lazy\" decoding=\"async\" class=\"alignleft size-medium wp-image-1470\" src=\"http:\/\/www.farmworkerlanc.org\/es\/wp-content\/uploads\/2020\/05\/h2a-eip-eligibi_46328871-212x300.png\" alt=\"\" width=\"212\" height=\"300\" srcset=\"http:\/\/www.farmworkerlanc.org\/es\/wp-content\/uploads\/2020\/05\/h2a-eip-eligibi_46328871-212x300.png 212w, http:\/\/www.farmworkerlanc.org\/es\/wp-content\/uploads\/2020\/05\/h2a-eip-eligibi_46328871-724x1024.png 724w, http:\/\/www.farmworkerlanc.org\/es\/wp-content\/uploads\/2020\/05\/h2a-eip-eligibi_46328871-768x1086.png 768w, http:\/\/www.farmworkerlanc.org\/es\/wp-content\/uploads\/2020\/05\/h2a-eip-eligibi_46328871.png 800w\" sizes=\"auto, (max-width: 212px) 100vw, 212px\" \/><\/a><\/p>\n<p>&nbsp;<\/p>\n<p>&nbsp;<\/p>\n<p>&nbsp;<\/p>\n<p>&nbsp;<\/p>\n<p>&nbsp;<\/p>\n<p>&nbsp;<\/p>\n<p>&nbsp;<\/p>\n<p>&nbsp;<\/p>\n<p>&nbsp;<\/p>\n<p>&nbsp;<\/p>\n<p><strong><a href=\"http:\/\/www.farmworkerlanc.org\/es\/wp-content\/uploads\/2020\/05\/FWU-RETALIATION-COVID19-SPA.pdf\">Infograf\u00eda de represalia por discriminaci\u00f3n en el empleo durante COVID-19<\/a><\/strong><\/p>\n<p><a href=\"http:\/\/www.farmworkerlanc.org\/es\/wp-content\/uploads\/2020\/05\/FWU-RETALIATION-COVID19.png\"><img loading=\"lazy\" decoding=\"async\" class=\"size-medium wp-image-1472 alignnone\" src=\"http:\/\/www.farmworkerlanc.org\/es\/wp-content\/uploads\/2020\/05\/FWU-RETALIATION-COVID19-212x300.png\" alt=\"\" width=\"212\" height=\"300\" srcset=\"http:\/\/www.farmworkerlanc.org\/es\/wp-content\/uploads\/2020\/05\/FWU-RETALIATION-COVID19-212x300.png 212w, http:\/\/www.farmworkerlanc.org\/es\/wp-content\/uploads\/2020\/05\/FWU-RETALIATION-COVID19-725x1024.png 725w, http:\/\/www.farmworkerlanc.org\/es\/wp-content\/uploads\/2020\/05\/FWU-RETALIATION-COVID19-768x1085.png 768w, http:\/\/www.farmworkerlanc.org\/es\/wp-content\/uploads\/2020\/05\/FWU-RETALIATION-COVID19.png 800w\" sizes=\"auto, (max-width: 212px) 100vw, 212px\" \/><\/a><\/p>\n<p>&nbsp;<\/p>\n<p><strong><a href=\"http:\/\/www.farmworkerlanc.org\/es\/wp-content\/uploads\/2020\/05\/FWU-WPS-COVID_19-SPA.pdf\">La Ley de Protecci\u00f3n al Trabajador durante COVID-19<\/a><\/strong><\/p>\n<p><a href=\"http:\/\/www.farmworkerlanc.org\/es\/wp-content\/uploads\/2020\/05\/PPE.png\"><img loading=\"lazy\" decoding=\"async\" class=\"alignleft size-medium wp-image-1474\" src=\"http:\/\/www.farmworkerlanc.org\/es\/wp-content\/uploads\/2020\/05\/PPE-212x300.png\" alt=\"\" width=\"212\" height=\"300\" srcset=\"http:\/\/www.farmworkerlanc.org\/es\/wp-content\/uploads\/2020\/05\/PPE-212x300.png 212w, http:\/\/www.farmworkerlanc.org\/es\/wp-content\/uploads\/2020\/05\/PPE-724x1024.png 724w, http:\/\/www.farmworkerlanc.org\/es\/wp-content\/uploads\/2020\/05\/PPE-768x1086.png 768w, http:\/\/www.farmworkerlanc.org\/es\/wp-content\/uploads\/2020\/05\/PPE.png 800w\" sizes=\"auto, (max-width: 212px) 100vw, 212px\" \/><\/a><\/p>\n<p>&nbsp;<\/p>\n<p>&nbsp;<\/p>\n<p>&nbsp;<\/p>\n<p>&nbsp;<\/p>\n<p>&nbsp;<\/p>\n<p>&nbsp;<\/p>\n<p>&nbsp;<\/p>\n<p>&nbsp;<\/p>\n<p>&nbsp;<\/p>\n<p><strong><a href=\"http:\/\/www.farmworkerlanc.org\/es\/wp-content\/uploads\/2020\/06\/Migrant-Labor-Camps-COVID19.pdf\">Conozca sus derechos sobre la vivienda prove\u00edda por el empleador durante COVID-19<\/a><\/strong><\/p>\n<p><a href=\"http:\/\/www.farmworkerlanc.org\/es\/wp-content\/uploads\/2020\/06\/Housing1.png\"><img loading=\"lazy\" decoding=\"async\" class=\"alignleft size-medium wp-image-1485\" src=\"http:\/\/www.farmworkerlanc.org\/es\/wp-content\/uploads\/2020\/06\/Housing1-212x300.png\" alt=\"\" width=\"212\" height=\"300\" srcset=\"http:\/\/www.farmworkerlanc.org\/es\/wp-content\/uploads\/2020\/06\/Housing1-212x300.png 212w, http:\/\/www.farmworkerlanc.org\/es\/wp-content\/uploads\/2020\/06\/Housing1.png 456w\" sizes=\"auto, (max-width: 212px) 100vw, 212px\" \/><\/a>El empleador debe proporcionar una vivienda gratuita, segura y digna seg\u00fan requerida por la ley. En el folleto respondemos preguntas frecuentes sobre la vivienda proporcionada por el empleador y la pandemia de COVID-19.<\/p>\n<p>&nbsp;<\/p>\n","protected":false},"excerpt":{"rendered":"<p>Los trabajadores agr\u00edcolas temporales y migrantes son considerados &#8220;trabajadores esenciales&#8221; durante la pandemia de COVID-19 para mantener a nuestras comunidades alimentadas mientras arriesgan su propia salud. Los trabajadores agr\u00edcolas ya enfrentan numerosos desaf\u00edos para protegerse a s\u00ed mismos y a sus familias y a\u00fan m\u00e1s en tiempos de emergencia debido al aislamiento, las barreras del [&hellip;]<\/p>\n","protected":false},"author":12,"featured_media":0,"parent":0,"menu_order":0,"comment_status":"closed","ping_status":"closed","template":"","meta":{"om_disable_all_campaigns":false,"_monsterinsights_skip_tracking":false,"_monsterinsights_sitenote_active":false,"_monsterinsights_sitenote_note":"","_monsterinsights_sitenote_category":0,"_uf_show_specific_survey":0,"_uf_disable_surveys":false,"jetpack_post_was_ever_published":false,"footnotes":""},"class_list":["post-1406","page","type-page","status-publish","hentry"],"aioseo_notices":[],"jetpack_sharing_enabled":true,"jetpack_shortlink":"https:\/\/wp.me\/P6RHEE-mG","_links":{"self":[{"href":"http:\/\/www.farmworkerlanc.org\/es\/wp-json\/wp\/v2\/pages\/1406","targetHints":{"allow":["GET"]}}],"collection":[{"href":"http:\/\/www.farmworkerlanc.org\/es\/wp-json\/wp\/v2\/pages"}],"about":[{"href":"http:\/\/www.farmworkerlanc.org\/es\/wp-json\/wp\/v2\/types\/page"}],"author":[{"embeddable":true,"href":"http:\/\/www.farmworkerlanc.org\/es\/wp-json\/wp\/v2\/users\/12"}],"replies":[{"embeddable":true,"href":"http:\/\/www.farmworkerlanc.org\/es\/wp-json\/wp\/v2\/comments?post=1406"}],"version-history":[{"count":39,"href":"http:\/\/www.farmworkerlanc.org\/es\/wp-json\/wp\/v2\/pages\/1406\/revisions"}],"predecessor-version":[{"id":1492,"href":"http:\/\/www.farmworkerlanc.org\/es\/wp-json\/wp\/v2\/pages\/1406\/revisions\/1492"}],"wp:attachment":[{"href":"http:\/\/www.farmworkerlanc.org\/es\/wp-json\/wp\/v2\/media?parent=1406"}],"curies":[{"name":"wp","href":"https:\/\/api.w.org\/{rel}","templated":true}]}}