{"id":19,"date":"2009-10-29T17:05:34","date_gmt":"2009-10-29T23:05:34","guid":{"rendered":"http:\/\/www.farmworkerlanc.org\/es\/?page_id=19"},"modified":"2022-04-13T10:56:56","modified_gmt":"2022-04-13T16:56:56","slug":"publicaciones","status":"publish","type":"page","link":"http:\/\/www.farmworkerlanc.org\/es\/recursos\/publicaciones\/","title":{"rendered":"Publicaciones"},"content":{"rendered":"<p><img loading=\"lazy\" decoding=\"async\" class=\"alignleft wp-image-1604\" src=\"http:\/\/www.farmworkerlanc.org\/wp-content\/uploads\/2013\/08\/Don-Seguro-watermark-834x1024.jpg\" alt=\"Don-Seguro-watermark\" width=\"400\" height=\"491\" \/>El objetivo de estas publicaciones es que sean usadas como folletos educativos para los trabajadores agr\u00edcolas migratorios y temporales en Carolina del Norte.\u00a0 Mucha de la informaci\u00f3n que contienen estos folletos, est\u00e1 basada en las leyes espec\u00edficas de Carolina del Norte. Ciertas protecciones legales pueden ser diferentes en otros estados.<\/p>\n<p><strong>Los invitamos a descargar nuestros folletos en ingl\u00e9s y espa\u00f1ol.<\/strong><\/p>\n<p>Invitamos a otras organizaciones a que usen nuestros materiales con el prop\u00f3sito de educar a sus comunidades. Por favor, <a href=\"http:\/\/www.farmworkerlanc.org\/es\/contactenos\">cont\u00e1ctenos <\/a>si tiene alguna pregunta acerca de la distribuci\u00f3n o copia de nuestros materiales. Nuestras publicaciones est\u00e1n protegidas por los derechos de autor, y la versi\u00f3n original de nuestros materiales no debe de ser alterada sin nuestro permiso.<\/p>\n<p>Usted necesita Adobe Acrobat Reader para ver las publicaciones en el formato PDF \u00a0 <a href=\"http:\/\/www.adobe.com\" target=\"blank\" rel=\"noopener noreferrer\"><img loading=\"lazy\" decoding=\"async\" class=\"size-full wp-image-60 alignnone\" title=\"get_adobe_reader\" src=\"http:\/\/www.farmworkerlanc.org\/es\/wp-content\/uploads\/2009\/10\/get_adobe_reader.gif\" alt=\"get_adobe_reader\" width=\"112\" height=\"33\" \/><\/a><\/p>\n<p>Explore nuestros materiales:<\/p>\n<ul>\n<li><a href=\"http:\/\/www.farmworkerlanc.org\/es\/publicaciones\/cuadernillos\" target=\"_blank\" rel=\"noopener noreferrer\"><strong>Cuadernillos<\/strong><\/a> con informaci\u00f3n acerca de los derechos de los trabajadores agr\u00edcolas<\/li>\n<\/ul>\n<ul>\n<li><a href=\"http:\/\/www.farmworkerlanc.org\/es\/publicaciones\/folletos\" target=\"_blank\" rel=\"noopener noreferrer\"><strong>Folletos<\/strong><\/a> acerca de nuestra organizaci\u00f3n y folletos con informaci\u00f3n general tanto para el p\u00fablico general como para los\u00a0 trabajadores agr\u00edcolas.<\/li>\n<\/ul>\n<ul>\n<li>Materiales acerca de la <a href=\"https:\/\/tinyurl.com\/GuiaTaxH2A\"><strong>Los\u00a0impuestos<\/strong><\/a><\/li>\n<\/ul>\n<p>&nbsp;<\/p>\n<h6><a href=\"http:\/\/www.farmworkerlanc.org\/publications\">Read this page in English.<\/a><\/h6>\n","protected":false},"excerpt":{"rendered":"<p>El objetivo de estas publicaciones es que sean usadas como folletos educativos para los trabajadores agr\u00edcolas migratorios y temporales en Carolina del Norte.\u00a0 Mucha de la informaci\u00f3n que contienen estos folletos, est\u00e1 basada en las leyes espec\u00edficas de Carolina del Norte. Ciertas protecciones legales pueden ser diferentes en otros estados. Los invitamos a descargar nuestros [&hellip;]<\/p>\n","protected":false},"author":1,"featured_media":0,"parent":1205,"menu_order":3,"comment_status":"closed","ping_status":"open","template":"","meta":{"om_disable_all_campaigns":false,"_monsterinsights_skip_tracking":false,"_monsterinsights_sitenote_active":false,"_monsterinsights_sitenote_note":"","_monsterinsights_sitenote_category":0,"_uf_show_specific_survey":0,"_uf_disable_surveys":false,"jetpack_post_was_ever_published":false,"footnotes":""},"class_list":["post-19","page","type-page","status-publish","hentry"],"aioseo_notices":[],"jetpack_sharing_enabled":true,"jetpack_shortlink":"https:\/\/wp.me\/P6RHEE-j","_links":{"self":[{"href":"http:\/\/www.farmworkerlanc.org\/es\/wp-json\/wp\/v2\/pages\/19","targetHints":{"allow":["GET"]}}],"collection":[{"href":"http:\/\/www.farmworkerlanc.org\/es\/wp-json\/wp\/v2\/pages"}],"about":[{"href":"http:\/\/www.farmworkerlanc.org\/es\/wp-json\/wp\/v2\/types\/page"}],"author":[{"embeddable":true,"href":"http:\/\/www.farmworkerlanc.org\/es\/wp-json\/wp\/v2\/users\/1"}],"replies":[{"embeddable":true,"href":"http:\/\/www.farmworkerlanc.org\/es\/wp-json\/wp\/v2\/comments?post=19"}],"version-history":[{"count":78,"href":"http:\/\/www.farmworkerlanc.org\/es\/wp-json\/wp\/v2\/pages\/19\/revisions"}],"predecessor-version":[{"id":1632,"href":"http:\/\/www.farmworkerlanc.org\/es\/wp-json\/wp\/v2\/pages\/19\/revisions\/1632"}],"up":[{"embeddable":true,"href":"http:\/\/www.farmworkerlanc.org\/es\/wp-json\/wp\/v2\/pages\/1205"}],"wp:attachment":[{"href":"http:\/\/www.farmworkerlanc.org\/es\/wp-json\/wp\/v2\/media?parent=19"}],"curies":[{"name":"wp","href":"https:\/\/api.w.org\/{rel}","templated":true}]}}