{"id":200,"date":"2010-08-10T10:37:23","date_gmt":"2010-08-10T16:37:23","guid":{"rendered":"http:\/\/www.farmworkerlanc.org\/es"},"modified":"2015-08-12T13:21:48","modified_gmt":"2015-08-12T19:21:48","slug":"compensacion-al-trabajador","status":"publish","type":"page","link":"http:\/\/www.farmworkerlanc.org\/es\/recursos\/conozca-sus-derechos\/compensacion-al-trabajador\/","title":{"rendered":"Los derechos de compensaci\u00f3n al trabajador"},"content":{"rendered":"<p><b>Seg\u00fan la ley estatal, la Compensaci\u00f3n al Trabajador es un sistema que requiere que todos los empleadores compren un seguro que cubra los tratamientos m\u00e9dicos y los salarios perdidos de cualquier trabajador que se accidente en el trabajo o que sufra de una enfermedad ocupacional.<\/b><\/p>\n<p>Gracias a la Compensaci\u00f3n al Trabajador, si usted sufre un accidente en el trabajo, usted debe recibir tratamiento m\u00e9dico inmediato y sin costo alguno para que se pueda recuperar de sus lesiones completa y r\u00e1pidamente. Si su recuperaci\u00f3n se demora m\u00e1s de una semana y usted no puede trabajar, usted debe de recibir 2\/3 del promedio de su salario semanal, de esta manera tendr\u00e1 c\u00f3mo cubrir sus necesidades b\u00e1sicas.<\/p>\n<p>Hay tres clases de trabajos agr\u00edcolas que generalmente ofrecen Compensaci\u00f3n al Trabajador en Carolina del Norte:<\/p>\n<ul>\n<li>Trabajos en donde se emplean trabajadores H-2A (ya que por ley el empleador debe comprar un seguro de Compensaci\u00f3n al Trabajador en todos los lugares a donde se emplean trabajadores H-2A)<\/li>\n<\/ul>\n<ul>\n<li>Trabajos en compa\u00f1\u00edas grandes a donde se emplean a m\u00e1s de 10 trabajadores de tiempo completo durante todo el a\u00f1o<\/li>\n<\/ul>\n<ul>\n<li>Trabajos en compa\u00f1\u00edas que compran el Seguro de Compensaci\u00f3n al Trabajador por su propia cuenta<\/li>\n<\/ul>\n<p>Las personas que est\u00e1n haciendo trabajo de reforestaci\u00f3n o plantando \u00e1rboles, generalmente disfrutan de los beneficios y protecciones de Compensaci\u00f3n al Trabajador. Sin embargo, la ley de Carolina del Norte permite que muchos rancheros no tengan que comprarla.<\/p>\n<p>Si usted se accidenta en el trabajo o si usted desarrolla una enfermad ocupacional, es recomendable que haga lo siguiente:<\/p>\n<ul>\n<li>Reporte el accidente a su supervisor inmediatamente<\/li>\n<\/ul>\n<ul>\n<li>Si es necesario, pida atenci\u00f3n m\u00e9dica<\/li>\n<\/ul>\n<ul>\n<li>Siga las instrucciones del doctor<\/li>\n<\/ul>\n<ul>\n<li>Reporte el accidente a la Comisi\u00f3n Industrial de Carolina del Norte<\/li>\n<\/ul>\n<p>En Carolina del Norte, todos los reclamos se deben hacer no m\u00e1s tarde de dos a\u00f1os despu\u00e9s de la fecha del accidente o del \u00faltimo tratamiento m\u00e9dico autorizado por el empleador o por la compa\u00f1\u00eda de seguros. \u00a0Si es posible, es preferible que lo haga durante los primeros 30 d\u00edas.<\/p>\n<p><b>Ll\u00e1menos al 1-800-777-5869 si tiene alguna pregunta. <\/b><\/p>\n<p>Visite nuestra p\u00e1gina de <a href=\"http:\/\/www.farmworkerlanc.org\/es\/publicaciones\">Publicaciones <\/a>para descargar nuestro folleto acerca de la Compensaci\u00f3n al Trabajador.<\/p>\n<h6><a href=\"http:\/\/www.farmworkerlanc.org\/know-your-rights\/workers-compensation\">Read this page in English.<\/a><\/h6>\n","protected":false},"excerpt":{"rendered":"<p>Seg\u00fan la ley estatal, la Compensaci\u00f3n al Trabajador es un sistema que requiere que todos los empleadores compren un seguro que cubra los tratamientos m\u00e9dicos y los salarios perdidos de cualquier trabajador que se accidente en el trabajo o que sufra de una enfermedad ocupacional. Gracias a la Compensaci\u00f3n al Trabajador, si usted sufre un [&hellip;]<\/p>\n","protected":false},"author":1,"featured_media":0,"parent":13,"menu_order":7,"comment_status":"closed","ping_status":"closed","template":"","meta":{"om_disable_all_campaigns":false,"_monsterinsights_skip_tracking":false,"_monsterinsights_sitenote_active":false,"_monsterinsights_sitenote_note":"","_monsterinsights_sitenote_category":0,"_uf_show_specific_survey":0,"_uf_disable_surveys":false,"jetpack_post_was_ever_published":false,"footnotes":""},"class_list":["post-200","page","type-page","status-publish","hentry"],"aioseo_notices":[],"jetpack_sharing_enabled":true,"jetpack_shortlink":"https:\/\/wp.me\/P6RHEE-3e","_links":{"self":[{"href":"http:\/\/www.farmworkerlanc.org\/es\/wp-json\/wp\/v2\/pages\/200","targetHints":{"allow":["GET"]}}],"collection":[{"href":"http:\/\/www.farmworkerlanc.org\/es\/wp-json\/wp\/v2\/pages"}],"about":[{"href":"http:\/\/www.farmworkerlanc.org\/es\/wp-json\/wp\/v2\/types\/page"}],"author":[{"embeddable":true,"href":"http:\/\/www.farmworkerlanc.org\/es\/wp-json\/wp\/v2\/users\/1"}],"replies":[{"embeddable":true,"href":"http:\/\/www.farmworkerlanc.org\/es\/wp-json\/wp\/v2\/comments?post=200"}],"version-history":[{"count":8,"href":"http:\/\/www.farmworkerlanc.org\/es\/wp-json\/wp\/v2\/pages\/200\/revisions"}],"predecessor-version":[{"id":761,"href":"http:\/\/www.farmworkerlanc.org\/es\/wp-json\/wp\/v2\/pages\/200\/revisions\/761"}],"up":[{"embeddable":true,"href":"http:\/\/www.farmworkerlanc.org\/es\/wp-json\/wp\/v2\/pages\/13"}],"wp:attachment":[{"href":"http:\/\/www.farmworkerlanc.org\/es\/wp-json\/wp\/v2\/media?parent=200"}],"curies":[{"name":"wp","href":"https:\/\/api.w.org\/{rel}","templated":true}]}}