{"id":202,"date":"2010-08-10T10:42:41","date_gmt":"2010-08-10T16:42:41","guid":{"rendered":"http:\/\/www.farmworkerlanc.org\/es"},"modified":"2015-08-12T13:27:44","modified_gmt":"2015-08-12T19:27:44","slug":"insolacion","status":"publish","type":"page","link":"http:\/\/www.farmworkerlanc.org\/es\/recursos\/conozca-sus-derechos\/insolacion\/","title":{"rendered":"El riesgo de insolaci\u00f3n de los trabajadores agricolas"},"content":{"rendered":"<p>Cuando se trabaja bajo el sol ardiente, uno se puede deshidratar s\u00ed no se asegura de tomar agua frecuentemente. Sudamos cuando hace calor para mantener la temperatura adecuada en nuestro cuerpo. Si no reemplazamos el agua que perdemos al sudar, nos deshidratamos.<\/p>\n<p>En general una persona necesita tomar por lo menos dos galones de agua al d\u00eda cuando est\u00e1 trabajando fuertemente. Si hace mucho calor y el clima es h\u00famedo, debe de tomar a\u00fan m\u00e1s agua para no deshidratarse.<\/p>\n<p>Cuando una persona se deshidrata, la temperatura de su cuerpo sube aniveles muy altos. Cuando su cuerpo pierde la habilidad de enfriarse, puede experimentar insolaci\u00f3n. La insolaci\u00f3n puede causar da\u00f1os extremadamente graves en los \u00f3rganos esenciales y puede ser mortal. Cada a\u00f1o por lo menos un trabajador agr\u00edcola muere de insolaci\u00f3n. Estas muertes se pueden prevenir.<\/p>\n<p><b>Si usted piensa que su compa\u00f1ero de trabajo sufre de fatiga por el calor o \u00a0de Insolaci\u00f3n &#8211; si se ve desorientado, incoherente, cansado, d\u00e9bil, no est\u00e1 sudando, o se desmay\u00f3 &#8211; \u00a1no espere! \u00a1No lo deje sin ayuda m\u00e9dica!<\/b><\/p>\n<p>Dele primeros auxilios enseguida e ins\u00edstale al empleador para que lleve al trabajador a la sala de emergencia de un hospital inmediatamente.<\/p>\n<p>Primeros Auxilios para las personas que experimentan fatiga por el calor o insolaci\u00f3n:<\/p>\n<ul>\n<li>Mueva a la persona a un lugar fresco, lejos de los rayos directos del sol<\/li>\n<li>Si la persona est\u00e1 consiente, haga que tome agua fresca<\/li>\n<li>Coloque hielo o compresas fr\u00edas en lugares del cuerpo donde las arterias est\u00e1n cerca de la superficie, como las axilas, la ingle, el cuello, etc.<\/li>\n<li>Moje la ropa de la v\u00edctima para bajarle la temperatura. Use cualquier objeto para ventilar a la persona.<\/li>\n<li>Contin\u00fae estos primeros auxilios hasta que la v\u00edctima reciba atenci\u00f3n m\u00e9dica.<\/li>\n<\/ul>\n<p><b>Su intervenci\u00f3n puede salvar la vida de su compa\u00f1ero de trabajo.<\/b><\/p>\n<p><a style=\"font-size: 0.75em;\" href=\"http:\/\/www.farmworkerlanc.org\/know-your-rights\/heat-stress\">Read this page in English.<\/a><\/p>\n","protected":false},"excerpt":{"rendered":"<p>Cuando se trabaja bajo el sol ardiente, uno se puede deshidratar s\u00ed no se asegura de tomar agua frecuentemente. Sudamos cuando hace calor para mantener la temperatura adecuada en nuestro cuerpo. Si no reemplazamos el agua que perdemos al sudar, nos deshidratamos. En general una persona necesita tomar por lo menos dos galones de agua [&hellip;]<\/p>\n","protected":false},"author":1,"featured_media":0,"parent":13,"menu_order":11,"comment_status":"closed","ping_status":"closed","template":"","meta":{"om_disable_all_campaigns":false,"_monsterinsights_skip_tracking":false,"_monsterinsights_sitenote_active":false,"_monsterinsights_sitenote_note":"","_monsterinsights_sitenote_category":0,"_uf_show_specific_survey":0,"_uf_disable_surveys":false,"jetpack_post_was_ever_published":false,"footnotes":""},"class_list":["post-202","page","type-page","status-publish","hentry"],"aioseo_notices":[],"jetpack_sharing_enabled":true,"jetpack_shortlink":"https:\/\/wp.me\/P6RHEE-3g","_links":{"self":[{"href":"http:\/\/www.farmworkerlanc.org\/es\/wp-json\/wp\/v2\/pages\/202","targetHints":{"allow":["GET"]}}],"collection":[{"href":"http:\/\/www.farmworkerlanc.org\/es\/wp-json\/wp\/v2\/pages"}],"about":[{"href":"http:\/\/www.farmworkerlanc.org\/es\/wp-json\/wp\/v2\/types\/page"}],"author":[{"embeddable":true,"href":"http:\/\/www.farmworkerlanc.org\/es\/wp-json\/wp\/v2\/users\/1"}],"replies":[{"embeddable":true,"href":"http:\/\/www.farmworkerlanc.org\/es\/wp-json\/wp\/v2\/comments?post=202"}],"version-history":[{"count":5,"href":"http:\/\/www.farmworkerlanc.org\/es\/wp-json\/wp\/v2\/pages\/202\/revisions"}],"predecessor-version":[{"id":766,"href":"http:\/\/www.farmworkerlanc.org\/es\/wp-json\/wp\/v2\/pages\/202\/revisions\/766"}],"up":[{"embeddable":true,"href":"http:\/\/www.farmworkerlanc.org\/es\/wp-json\/wp\/v2\/pages\/13"}],"wp:attachment":[{"href":"http:\/\/www.farmworkerlanc.org\/es\/wp-json\/wp\/v2\/media?parent=202"}],"curies":[{"name":"wp","href":"https:\/\/api.w.org\/{rel}","templated":true}]}}