{"id":29,"date":"2009-10-29T17:09:53","date_gmt":"2009-10-29T23:09:53","guid":{"rendered":"http:\/\/www.farmworkerlanc.org\/es\/?page_id=29"},"modified":"2015-08-12T13:49:16","modified_gmt":"2015-08-12T19:49:16","slug":"presentaciones-al-publico","status":"publish","type":"page","link":"http:\/\/www.farmworkerlanc.org\/es\/nuestros-servicios\/presentaciones-al-publico\/","title":{"rendered":"Presentaciones al p\u00fablico"},"content":{"rendered":"<h3><span style=\"font-size: 13px;\">\u00a0<\/span><\/h3>\n<p>Ofrecemos presentaciones y talleres para satisfacer los intereses de las organizaciones que quieren conocer m\u00e1s acerca de los trabajadores agr\u00edcolas en Carolina del Norte, o que est\u00e1n interesadas en incrementar su conocimiento acerca de los derechos legales de los trabajadores agr\u00edcolas.<\/p>\n<p>Las presentaciones pueden incluir diapositivas, oradores, videos, y otros formatos preparados para satisfacer los intereses de las organizaciones.<\/p>\n<p>Hemos hecho presentaciones a iglesias, organizaciones estudiantiles, organizaciones c\u00edvicas, y grupos de visitantes extranjeros patrocinados por el <a href=\"https:\/\/gobierno.usa.gov\/agencias-federales\/departamento-del-trabajo\">Departamento del Trabajo de los Estados Unidos<\/a>. Los temas de estas presentaciones oscilan desde presentaciones b\u00e1sicas acerca de los temas que afectan a los trabajadores agr\u00edcolas, hasta talleres acerca de los derechos espec\u00edficos de los trabajadores agr\u00edcolas.<\/p>\n<p>Si su organizaci\u00f3n est\u00e1 interesada en aprender m\u00e1s acerca de los trabajadores agr\u00edcolas, o si le gustar\u00eda patrocinar un entrenamiento, por favor contacte a nuestro <a href=\"mailto:larizag@legalaidnc.org\" target=\"_blank\">Coordinador de Educaci\u00f3n Comunitaria<\/a>.<\/p>\n","protected":false},"excerpt":{"rendered":"<p>\u00a0 Ofrecemos presentaciones y talleres para satisfacer los intereses de las organizaciones que quieren conocer m\u00e1s acerca de los trabajadores agr\u00edcolas en Carolina del Norte, o que est\u00e1n interesadas en incrementar su conocimiento acerca de los derechos legales de los trabajadores agr\u00edcolas. Las presentaciones pueden incluir diapositivas, oradores, videos, y otros formatos preparados para satisfacer [&hellip;]<\/p>\n","protected":false},"author":1,"featured_media":0,"parent":11,"menu_order":3,"comment_status":"closed","ping_status":"closed","template":"","meta":{"om_disable_all_campaigns":false,"_monsterinsights_skip_tracking":false,"_monsterinsights_sitenote_active":false,"_monsterinsights_sitenote_note":"","_monsterinsights_sitenote_category":0,"_uf_show_specific_survey":0,"_uf_disable_surveys":false,"jetpack_post_was_ever_published":false,"footnotes":""},"class_list":["post-29","page","type-page","status-publish","hentry"],"aioseo_notices":[],"jetpack_sharing_enabled":true,"jetpack_shortlink":"https:\/\/wp.me\/P6RHEE-t","_links":{"self":[{"href":"http:\/\/www.farmworkerlanc.org\/es\/wp-json\/wp\/v2\/pages\/29","targetHints":{"allow":["GET"]}}],"collection":[{"href":"http:\/\/www.farmworkerlanc.org\/es\/wp-json\/wp\/v2\/pages"}],"about":[{"href":"http:\/\/www.farmworkerlanc.org\/es\/wp-json\/wp\/v2\/types\/page"}],"author":[{"embeddable":true,"href":"http:\/\/www.farmworkerlanc.org\/es\/wp-json\/wp\/v2\/users\/1"}],"replies":[{"embeddable":true,"href":"http:\/\/www.farmworkerlanc.org\/es\/wp-json\/wp\/v2\/comments?post=29"}],"version-history":[{"count":15,"href":"http:\/\/www.farmworkerlanc.org\/es\/wp-json\/wp\/v2\/pages\/29\/revisions"}],"predecessor-version":[{"id":135,"href":"http:\/\/www.farmworkerlanc.org\/es\/wp-json\/wp\/v2\/pages\/29\/revisions\/135"}],"up":[{"embeddable":true,"href":"http:\/\/www.farmworkerlanc.org\/es\/wp-json\/wp\/v2\/pages\/11"}],"wp:attachment":[{"href":"http:\/\/www.farmworkerlanc.org\/es\/wp-json\/wp\/v2\/media?parent=29"}],"curies":[{"name":"wp","href":"https:\/\/api.w.org\/{rel}","templated":true}]}}