{"id":31,"date":"2009-10-29T17:10:18","date_gmt":"2009-10-29T23:10:18","guid":{"rendered":"http:\/\/www.farmworkerlanc.org\/es\/?page_id=31"},"modified":"2015-08-12T13:50:27","modified_gmt":"2015-08-12T19:50:27","slug":"educacion-comunitaria","status":"publish","type":"page","link":"http:\/\/www.farmworkerlanc.org\/es\/nuestros-servicios\/educacion-comunitaria\/","title":{"rendered":"Educaci\u00f3n comunitaria"},"content":{"rendered":"<p>Antes de que los trabajadores agr\u00edcolas puedan defender los derechos que les otorga la ley, ellos deben de saber qu\u00e9 derechos tienen. Nuestro personal biling\u00fce les da informaci\u00f3n acerca de sus derechos legales a los trabajadores agr\u00edcolas y a sus familias en todo Carolina del Norte. Esto se logra:<\/p>\n<ul>\n<li>Visitando a los trabajadores agr\u00edcolas en sus viviendas &#8211;\u00a0 en las horas de la tarde, cuando han terminado su jornada laboral \u2013 para compartir con ellos materiales por escrito y para informales de la disponibilidad de nuestros servicios.<\/li>\n<\/ul>\n<ul>\n<li>Haciendo presentaciones y talleres para grupos de trabajadores agr\u00edcolas. Algunos de los grupos que escuchan nuestras presentaciones y participan en nuestros talleres son:\n<ul>\n<li>Padres de familia que tienen hijos inscritos en los programas de educaci\u00f3n temprana para migrantes (Migrant Head Start como es conocido en Ingl\u00e9s)<\/li>\n<li>Feligreses que se re\u00fanen despu\u00e9s de los servicios religiosos en espa\u00f1ol<\/li>\n<li>Grupos de trabajadores que viven los campamentos agr\u00edcolas<\/li>\n<li>haciendo entrevistas en programas de radio y televisi\u00f3n de habla hispana, en d\u00f3nde se discuten asuntos legales de la actualidad<\/li>\n<li>participando en las ferias de salud y festivales a d\u00f3nde van los trabajadores agr\u00edcolas para tener encuentros con los trabajadores y darles informaci\u00f3n escrita y oral<\/li>\n<\/ul>\n<\/li>\n<\/ul>\n<p>\u00a1Las personas que quieran ser voluntarias de nuestro programa Testigos por la Justicia son bienvenidas! Nos pueden acompa\u00f1ar a visitar los campos. La orientaci\u00f3n para los voluntarios por lo general es durante la \u00faltima semana de Mayo o la primera semana de Junio, cuando comienza la temporada de la cosecha.<\/p>\n<p><img loading=\"lazy\" decoding=\"async\" class=\"size-full wp-image-114\" style=\"text-align: center; background-color: #f3f3f3;\" title=\"WFJ1\" alt=\"\" src=\"http:\/\/www.farmworkerlanc.org\/es\/wp-content\/uploads\/2009\/10\/WFJ1.jpg\" width=\"300\" height=\"225\" \/><\/p>\n<dl class=\"wp-caption alignleft\" id=\"attachment_114\" style=\"width: 310px;\">\n<dd class=\"wp-caption-dd\">Preparando voluntarios con el programa Testigos por la Justicia para visitar a los trabajadores agr\u00edcolas en el verano<\/dd>\n<\/dl>\n<div id=\"attachment_115\" style=\"width: 310px\" class=\"wp-caption alignleft\"><img loading=\"lazy\" decoding=\"async\" aria-describedby=\"caption-attachment-115\" class=\"size-full wp-image-115\" title=\"Outreach1\" alt=\"\" src=\"http:\/\/www.farmworkerlanc.org\/es\/wp-content\/uploads\/2009\/10\/Outreach1.jpg\" width=\"300\" height=\"225\" \/><p id=\"caption-attachment-115\" class=\"wp-caption-text\">Impartiendo informaci\u00f3n a un grupo de trabajadores en su vivienda<\/p><\/div>\n","protected":false},"excerpt":{"rendered":"<p>Antes de que los trabajadores agr\u00edcolas puedan defender los derechos que les otorga la ley, ellos deben de saber qu\u00e9 derechos tienen. Nuestro personal biling\u00fce les da informaci\u00f3n acerca de sus derechos legales a los trabajadores agr\u00edcolas y a sus familias en todo Carolina del Norte. Esto se logra: Visitando a los trabajadores agr\u00edcolas en [&hellip;]<\/p>\n","protected":false},"author":1,"featured_media":0,"parent":11,"menu_order":3,"comment_status":"closed","ping_status":"closed","template":"","meta":{"om_disable_all_campaigns":false,"_monsterinsights_skip_tracking":false,"_monsterinsights_sitenote_active":false,"_monsterinsights_sitenote_note":"","_monsterinsights_sitenote_category":0,"_uf_show_specific_survey":0,"_uf_disable_surveys":false,"jetpack_post_was_ever_published":false,"footnotes":""},"class_list":["post-31","page","type-page","status-publish","hentry"],"aioseo_notices":[],"jetpack_sharing_enabled":true,"jetpack_shortlink":"https:\/\/wp.me\/P6RHEE-v","_links":{"self":[{"href":"http:\/\/www.farmworkerlanc.org\/es\/wp-json\/wp\/v2\/pages\/31","targetHints":{"allow":["GET"]}}],"collection":[{"href":"http:\/\/www.farmworkerlanc.org\/es\/wp-json\/wp\/v2\/pages"}],"about":[{"href":"http:\/\/www.farmworkerlanc.org\/es\/wp-json\/wp\/v2\/types\/page"}],"author":[{"embeddable":true,"href":"http:\/\/www.farmworkerlanc.org\/es\/wp-json\/wp\/v2\/users\/1"}],"replies":[{"embeddable":true,"href":"http:\/\/www.farmworkerlanc.org\/es\/wp-json\/wp\/v2\/comments?post=31"}],"version-history":[{"count":9,"href":"http:\/\/www.farmworkerlanc.org\/es\/wp-json\/wp\/v2\/pages\/31\/revisions"}],"predecessor-version":[{"id":782,"href":"http:\/\/www.farmworkerlanc.org\/es\/wp-json\/wp\/v2\/pages\/31\/revisions\/782"}],"up":[{"embeddable":true,"href":"http:\/\/www.farmworkerlanc.org\/es\/wp-json\/wp\/v2\/pages\/11"}],"wp:attachment":[{"href":"http:\/\/www.farmworkerlanc.org\/es\/wp-json\/wp\/v2\/media?parent=31"}],"curies":[{"name":"wp","href":"https:\/\/api.w.org\/{rel}","templated":true}]}}