{"id":37,"date":"2009-10-29T17:11:39","date_gmt":"2009-10-29T23:11:39","guid":{"rendered":"http:\/\/www.farmworkerlanc.org\/es\/?page_id=37"},"modified":"2015-08-12T13:19:26","modified_gmt":"2015-08-12T19:19:26","slug":"pesticidas","status":"publish","type":"page","link":"http:\/\/www.farmworkerlanc.org\/es\/recursos\/conozca-sus-derechos\/pesticidas\/","title":{"rendered":"Los pesticidas"},"content":{"rendered":"<p>Los pesticidas pueden ser un peligro para los trabajadores agr\u00edcolas y para los rancheros si no se usan apropiadamente. Usted debe recibir una capacitaci\u00f3n acerca de c\u00f3mo usar los pesticidas de una manera segura antes de que empiece a trabajar en un rancho, a menos de que haya recibido dicha capacitaci\u00f3n durante los \u00faltimos tres (3) a\u00f1os. Si usted mezcla o aplica pesticidas, debe tener una capacitaci\u00f3n adicional antes de que empiece su trabajo.<\/p>\n<p><b>Aseg\u00farese de nunca estar en el campo mientras que los pesticidas est\u00e9n siendo aplicados.<\/b> V\u00e1yase del campo inmediatamente cuando se est\u00e9n aplicando los pesticidas.<\/p>\n<p><b>Usted nunca debe mezclar ni aplicar pesticidas si no le han dado equipo de protecci\u00f3n<\/b>, como por ejemplo, una mascarilla, gafas protectoras, guantes, botas, y si es necesario un traje especial de protecci\u00f3n que le cubra todo el cuerpo.<\/p>\n<ul>\n<li>P\u00f3ngase todo el equipo de protecci\u00f3n que le fue prove\u00eddo<\/li>\n<\/ul>\n<ul>\n<li>Si no le han prove\u00eddo equipo de protecci\u00f3n, p\u00eddalo<\/li>\n<\/ul>\n<p>Los efectos de salud a largo plazo causados por la exposici\u00f3n a pesticidas incluyen: c\u00e1ncer, esterilidad, p\u00e9rdida de la memoria, ceguera, y defectos de nacimiento en los reci\u00e9n nacidos.<\/p>\n<p>Los efectos de salud a corto plazo causados por la exposici\u00f3n a pesticidas incluyen: n\u00e1usea, dolores en el pecho, dificultad para respirar, sudor excesivo, dolor de cabeza, ronchas en la piel, dolores musculares, y mareos.<\/p>\n<p>Para protegerse de los efectos de corto y largo plazo causados por la exposici\u00f3n a pesticidas, es recomendable lo siguiente:<\/p>\n<ul>\n<li>No entre a los campos inmediatamente despu\u00e9s de que los pesticidas hayan sido fumigados. Espere a que pase el tiempo recomendado \u2013 en la mayor\u00eda de los casos es de 12 a 24 horas despu\u00e9s de la fumigaci\u00f3n o 48 horas despu\u00e9s de la fumigaci\u00f3n para los pesticidas m\u00e1s t\u00f3xicos.<\/li>\n<\/ul>\n<ul>\n<li>L\u00e1vese las manos frecuentemente durante el d\u00eda de trabajo<\/li>\n<\/ul>\n<ul>\n<li>Siempre l\u00e1vese las manos antes de comer, fumar o ir al ba\u00f1o<\/li>\n<\/ul>\n<ul>\n<li>Use guantes para hacer su trabajo cada vez que pueda<\/li>\n<\/ul>\n<ul>\n<li>Lave la ropa de trabajo aparte de su otra ropa para evitar la contaminaci\u00f3n<\/li>\n<\/ul>\n<p>Si uno de sus compa\u00f1eros se ha envenenado con pesticidas es recomendable hacer lo siguiente:<\/p>\n<ul>\n<li>Obtenga atenci\u00f3n m\u00e9dica lo m\u00e1s pronto posible. Llame al 911<\/li>\n<\/ul>\n<ul>\n<li>Averig\u00fce el nombre del pesticida que se estaba usando. Usted tiene el derecho de preguntarle a su supervisor el nombre del pesticida. Al obtenerlo, escr\u00edbalo.<\/li>\n<\/ul>\n<ul>\n<li>Expl\u00edquele al doctor que estuvo expuesto a dicho pesticida<\/li>\n<\/ul>\n<p>Aunque la ley no requiera que su empleador tenga Seguro de Compensaci\u00f3n al Trabajador, es posible que \u00e9l tenga un seguro que cubra los gastos m\u00e9dicos de los trabajadores que son expuestos a pesticidas.<\/p>\n<h6><a href=\"http:\/\/www.farmworkerlanc.org\/know-your-rights\/pesticides\">Read this page in English.<\/a><\/h6>\n","protected":false},"excerpt":{"rendered":"<p>Los pesticidas pueden ser un peligro para los trabajadores agr\u00edcolas y para los rancheros si no se usan apropiadamente. Usted debe recibir una capacitaci\u00f3n acerca de c\u00f3mo usar los pesticidas de una manera segura antes de que empiece a trabajar en un rancho, a menos de que haya recibido dicha capacitaci\u00f3n durante los \u00faltimos tres [&hellip;]<\/p>\n","protected":false},"author":1,"featured_media":0,"parent":13,"menu_order":9,"comment_status":"closed","ping_status":"closed","template":"","meta":{"om_disable_all_campaigns":false,"_monsterinsights_skip_tracking":false,"_monsterinsights_sitenote_active":false,"_monsterinsights_sitenote_note":"","_monsterinsights_sitenote_category":0,"_uf_show_specific_survey":0,"_uf_disable_surveys":false,"jetpack_post_was_ever_published":false,"footnotes":""},"class_list":["post-37","page","type-page","status-publish","hentry"],"aioseo_notices":[],"jetpack_sharing_enabled":true,"jetpack_shortlink":"https:\/\/wp.me\/P6RHEE-B","_links":{"self":[{"href":"http:\/\/www.farmworkerlanc.org\/es\/wp-json\/wp\/v2\/pages\/37","targetHints":{"allow":["GET"]}}],"collection":[{"href":"http:\/\/www.farmworkerlanc.org\/es\/wp-json\/wp\/v2\/pages"}],"about":[{"href":"http:\/\/www.farmworkerlanc.org\/es\/wp-json\/wp\/v2\/types\/page"}],"author":[{"embeddable":true,"href":"http:\/\/www.farmworkerlanc.org\/es\/wp-json\/wp\/v2\/users\/1"}],"replies":[{"embeddable":true,"href":"http:\/\/www.farmworkerlanc.org\/es\/wp-json\/wp\/v2\/comments?post=37"}],"version-history":[{"count":8,"href":"http:\/\/www.farmworkerlanc.org\/es\/wp-json\/wp\/v2\/pages\/37\/revisions"}],"predecessor-version":[{"id":146,"href":"http:\/\/www.farmworkerlanc.org\/es\/wp-json\/wp\/v2\/pages\/37\/revisions\/146"}],"up":[{"embeddable":true,"href":"http:\/\/www.farmworkerlanc.org\/es\/wp-json\/wp\/v2\/pages\/13"}],"wp:attachment":[{"href":"http:\/\/www.farmworkerlanc.org\/es\/wp-json\/wp\/v2\/media?parent=37"}],"curies":[{"name":"wp","href":"https:\/\/api.w.org\/{rel}","templated":true}]}}