{"id":6,"date":"2009-10-29T16:56:54","date_gmt":"2009-10-29T22:56:54","guid":{"rendered":"http:\/\/www.farmworkerlanc.org\/es\/?page_id=6"},"modified":"2019-02-08T14:40:00","modified_gmt":"2019-02-08T20:40:00","slug":"portada","status":"publish","type":"page","link":"http:\/\/www.farmworkerlanc.org\/es\/","title":{"rendered":"Portada"},"content":{"rendered":"<p><span class=\"tlid-translation translation\">Ayuda Legal de Carolina del Norte proporciona servicios legales civiles de alta calidad a residentes de bajos ingresos de los 100 condados de North Carolina. <strong>La Unidad de Trabajadores Agr\u00edcolas (FWU, por sus siglas en ingl\u00e9s) es un proyecto estatal que sirve a trabajadores agr\u00edcolas migrantes.<\/strong><\/span><\/p>\n<p>Aunque los trabajadores agr\u00edcolas hacen un trabajo muy duro y sin su trabajo no tendr\u00edamos la abundante comida que tenemos, a menudo luchan para ganar lo suficiente para alimentar y vestir a sus familias. Carolina del Norte tiene la quinta o sexta mayor poblaci\u00f3n de trabajadores agr\u00edcolas en los Estados Unidos y el mayor n\u00famero de trabajadores agr\u00edcolas que vienen a los Estados Unidos con visas temporales para hacer trabajos agr\u00edcolas.<\/p>\n<p><strong>FWU busca aumentar el nivel de integraci\u00f3n socioecon\u00f3mica de los trabajadores agr\u00edcolas migrantes para asegurar la plena participaci\u00f3n en la sociedad.<\/strong> Trabajamos para lograr este objetivo protegiendo y haciendo cumplir los derechos laborales y civiles de los trabajadores migrantes y protegiendo y haciendo cumplir las obligaciones contractuales y legales en virtud de los contratos de trabajadores H2-A y otros derechos legales de los trabajadores H-2A. Nuestra esperanza es asegurar que los trabajadores migrantes tengan las mismas oportunidades de vivir y trabajar de manera segura, y de conformidad con las leyes federales, estatales e internacionales.<\/p>\n","protected":false},"excerpt":{"rendered":"<p>Ayuda Legal de Carolina del Norte proporciona servicios legales civiles de alta calidad a residentes de bajos ingresos de los 100 condados de North Carolina. La Unidad de Trabajadores Agr\u00edcolas (FWU, por sus siglas en ingl\u00e9s) es un proyecto estatal que sirve a trabajadores agr\u00edcolas migrantes. Aunque los trabajadores agr\u00edcolas hacen un trabajo muy duro [&hellip;]<\/p>\n","protected":false},"author":1,"featured_media":0,"parent":0,"menu_order":1,"comment_status":"closed","ping_status":"closed","template":"","meta":{"om_disable_all_campaigns":false,"_monsterinsights_skip_tracking":false,"_monsterinsights_sitenote_active":false,"_monsterinsights_sitenote_note":"","_monsterinsights_sitenote_category":0,"_uf_show_specific_survey":0,"_uf_disable_surveys":false,"jetpack_post_was_ever_published":false,"footnotes":""},"class_list":["post-6","page","type-page","status-publish","hentry"],"aioseo_notices":[],"jetpack_sharing_enabled":true,"jetpack_shortlink":"https:\/\/wp.me\/P6RHEE-6","_links":{"self":[{"href":"http:\/\/www.farmworkerlanc.org\/es\/wp-json\/wp\/v2\/pages\/6","targetHints":{"allow":["GET"]}}],"collection":[{"href":"http:\/\/www.farmworkerlanc.org\/es\/wp-json\/wp\/v2\/pages"}],"about":[{"href":"http:\/\/www.farmworkerlanc.org\/es\/wp-json\/wp\/v2\/types\/page"}],"author":[{"embeddable":true,"href":"http:\/\/www.farmworkerlanc.org\/es\/wp-json\/wp\/v2\/users\/1"}],"replies":[{"embeddable":true,"href":"http:\/\/www.farmworkerlanc.org\/es\/wp-json\/wp\/v2\/comments?post=6"}],"version-history":[{"count":19,"href":"http:\/\/www.farmworkerlanc.org\/es\/wp-json\/wp\/v2\/pages\/6\/revisions"}],"predecessor-version":[{"id":1267,"href":"http:\/\/www.farmworkerlanc.org\/es\/wp-json\/wp\/v2\/pages\/6\/revisions\/1267"}],"wp:attachment":[{"href":"http:\/\/www.farmworkerlanc.org\/es\/wp-json\/wp\/v2\/media?parent=6"}],"curies":[{"name":"wp","href":"https:\/\/api.w.org\/{rel}","templated":true}]}}