{"id":9,"date":"2009-10-29T17:01:24","date_gmt":"2009-10-29T23:01:24","guid":{"rendered":"http:\/\/www.farmworkerlanc.org\/es\/?page_id=9"},"modified":"2024-01-19T11:24:46","modified_gmt":"2024-01-19T17:24:46","slug":"acerca-de-los-trabajadores","status":"publish","type":"page","link":"https:\/\/www.farmworkerlanc.org\/es\/recursos\/acerca-de-los-trabajadores\/","title":{"rendered":"Acerca de los trabajadores"},"content":{"rendered":"<p><a name=\"Top\"><\/a><\/p>\n<p><img loading=\"lazy\" decoding=\"async\" class=\"alignleft wp-image-1516\" src=\"http:\/\/www.farmworkerlanc.org\/wp-content\/uploads\/2009\/09\/mfw-2031-e1446841621511.jpg\" alt=\"camote 18\" width=\"400\" height=\"526\" \/><\/p>\n<p><em>Mucha de la informaci\u00f3n que presentamos en esta secci\u00f3n fue publicada en una serie de folletos informativos \u00a0preparados para el p\u00fablico \u00a0por el\u00a0<span style=\"font-weight: normal;\">Comit\u00e9 del Ministerio de los Trabajadores del Campo del Concilio de las Iglesias de Carolina del Norte<\/span><span style=\"font-weight: normal;\">. Puede verlos <a href=\"http:\/\/www.ncfarmworkers.org\">aqui.<\/a><\/span><\/em><\/p>\n<p><span class=\"tlid-translation translation\"><span class=\"\" title=\"\">Obtenga m\u00e1s informaci\u00f3n sobre los trabajadores agr\u00edcolas de Carolina del Norte explorando los siguientes paginas:<br \/>\n<\/span><\/span><\/p>\n<ul>\n<li><a href=\"#Migrantes\">Trabajadores migrantes y temporales<\/a><\/li>\n<li><a href=\"#Demogr\u00e1ficos\">Datos demogr\u00e1ficos<\/a><\/li>\n<li><a href=\"#Cultivos\">Cultivos que generan m\u00e1s empleo en Carolina del Norte<\/a><\/li>\n<li><a href=\"#Econom\u00eda\">Contribuciones a la econom\u00eda de Carolina del Norte<\/a><\/li>\n<li><a href=\"#Desigualdades\">Desigualdades legales para los trabajadores agr\u00edcolas: <\/a>El sueldo m\u00ednimo | Empleo de menores | Compensaci\u00f3n por desempleo | Compensaci\u00f3n al trabajador lastimado<\/li>\n<li><a href=\"#Riesgos\">Riesgos ocupacionales<\/a><\/li>\n<li><a href=\"#Ciudadanos\">Ciudadanos, inmigrantes, y no-inmigrantes<\/a><\/li>\n<\/ul>\n<p>&nbsp;<\/p>\n<hr \/>\n<h6><\/h6>\n","protected":false},"excerpt":{"rendered":"<p>Mucha de la informaci\u00f3n que presentamos en esta secci\u00f3n fue publicada en una serie de folletos informativos \u00a0preparados para el p\u00fablico \u00a0por el\u00a0Comit\u00e9 del Ministerio de los Trabajadores del Campo del Concilio de las Iglesias de Carolina del Norte. Puede verlos aqui. Obtenga m\u00e1s informaci\u00f3n sobre los trabajadores agr\u00edcolas de Carolina del Norte explorando los [&hellip;]<\/p>\n","protected":false},"author":1,"featured_media":0,"parent":1205,"menu_order":1,"comment_status":"closed","ping_status":"closed","template":"","meta":{"om_disable_all_campaigns":false,"_monsterinsights_skip_tracking":false,"_monsterinsights_sitenote_active":false,"_monsterinsights_sitenote_note":"","_monsterinsights_sitenote_category":0,"_uf_show_specific_survey":0,"_uf_disable_surveys":false,"jetpack_post_was_ever_published":false,"footnotes":""},"class_list":["post-9","page","type-page","status-publish","hentry"],"aioseo_notices":[],"jetpack_sharing_enabled":true,"jetpack_shortlink":"https:\/\/wp.me\/P6RHEE-9","_links":{"self":[{"href":"https:\/\/www.farmworkerlanc.org\/es\/wp-json\/wp\/v2\/pages\/9","targetHints":{"allow":["GET"]}}],"collection":[{"href":"https:\/\/www.farmworkerlanc.org\/es\/wp-json\/wp\/v2\/pages"}],"about":[{"href":"https:\/\/www.farmworkerlanc.org\/es\/wp-json\/wp\/v2\/types\/page"}],"author":[{"embeddable":true,"href":"https:\/\/www.farmworkerlanc.org\/es\/wp-json\/wp\/v2\/users\/1"}],"replies":[{"embeddable":true,"href":"https:\/\/www.farmworkerlanc.org\/es\/wp-json\/wp\/v2\/comments?post=9"}],"version-history":[{"count":72,"href":"https:\/\/www.farmworkerlanc.org\/es\/wp-json\/wp\/v2\/pages\/9\/revisions"}],"predecessor-version":[{"id":1689,"href":"https:\/\/www.farmworkerlanc.org\/es\/wp-json\/wp\/v2\/pages\/9\/revisions\/1689"}],"up":[{"embeddable":true,"href":"https:\/\/www.farmworkerlanc.org\/es\/wp-json\/wp\/v2\/pages\/1205"}],"wp:attachment":[{"href":"https:\/\/www.farmworkerlanc.org\/es\/wp-json\/wp\/v2\/media?parent=9"}],"curies":[{"name":"wp","href":"https:\/\/api.w.org\/{rel}","templated":true}]}}